{"id":6363,"date":"2023-03-26T23:40:08","date_gmt":"2023-03-26T21:40:08","guid":{"rendered":"https:\/\/swimsa.ch\/?page_id=6363"},"modified":"2023-05-26T13:05:41","modified_gmt":"2023-05-26T11:05:41","slug":"a_propos","status":"publish","type":"page","link":"https:\/\/old.swimsa.ch\/fr\/a_propos\/","title":{"rendered":"01_swimsa_a_propos"},"content":{"rendered":"<div class=\"gb-container gb-container-b9a333ab\"><div class=\"gb-inside-container\">\n\n<h1 class=\"gb-headline gb-headline-7cfd3c09 gb-headline-text\">A propos<\/h1>\n\n\n<div class=\"gb-container gb-container-b2ac0c8d alignfull\"><div class=\"gb-shapes\"><div class=\"gb-shape gb-shape-1\"><svg xmlns=\"http:\/\/www.w3.org\/2000\/svg\" viewBox=\"0 0 1200 100\" preserveAspectRatio=\"none\"><path d=\"M1200 100H0V0l400 77.2L1200 0z\"\/><\/svg><\/div><\/div><\/div>\n\n\n<blockquote class=\"wp-block-quote is-layout-flow wp-block-quote-is-layout-flow\">\n<p class=\"has-text-align-center\">\u00ab\u00a0swimsa &#8211; la voix de plus de 9000 \u00e9tudiant\u00b7e\u00b7s en m\u00e9decine suisses\u00a0\u00bb<\/p>\n<\/blockquote>\n\n\n\n<div style=\"height:30px\" aria-hidden=\"true\" class=\"wp-block-spacer\"><\/div>\n\n\n\n<h2 class=\"gb-headline gb-headline-a5d73210 gb-headline-text\">Nos membres<\/h2>\n\n\n<div class=\"gb-grid-wrapper gb-grid-wrapper-6c6de562\">\n<div class=\"gb-grid-column gb-grid-column-e5158bd7\"><div class=\"gb-container gb-container-e5158bd7\"><div class=\"gb-inside-container\">\n<div class=\"wp-block-image\">\n<figure class=\"aligncenter size-full is-resized\"><img loading=\"lazy\" decoding=\"async\" src=\"https:\/\/swimsa.ch\/wp-content\/uploads\/2023\/05\/full-members.png\" alt=\"\" class=\"wp-image-6750\" width=\"79\" height=\"80\" srcset=\"https:\/\/old.swimsa.ch\/wp-content\/uploads\/2023\/05\/full-members.png 837w, https:\/\/old.swimsa.ch\/wp-content\/uploads\/2023\/05\/full-members-294x300.png 294w, https:\/\/old.swimsa.ch\/wp-content\/uploads\/2023\/05\/full-members-150x150.png 150w, https:\/\/old.swimsa.ch\/wp-content\/uploads\/2023\/05\/full-members-768x784.png 768w, https:\/\/old.swimsa.ch\/wp-content\/uploads\/2023\/05\/full-members-600x600.png 600w\" sizes=\"auto, (max-width: 79px) 100vw, 79px\" \/><\/figure><\/div>\n\n\n<h3 class=\"gb-headline gb-headline-a1f9ab89 gb-headline-text\">Membres \u00e0 part enti\u00e8re<\/h3>\n\n\n\n<p class=\"has-text-align-left has-medium-font-size\">Les membres \u00e0 part enti\u00e8re de la swimsa sont les associations d&rsquo;\u00e9tudiant\u00b7e\u00b7s des diff\u00e9rentes facult\u00e9s en m\u00e9decine des universit\u00e9s suisses. Leurs membres peuvent participer aux \u00e9v\u00e8nements et trainings organis\u00e9s par swimsa. <\/p>\n\n\n\n<div class=\"wp-block-buttons is-content-justification-center is-layout-flex wp-container-core-buttons-is-layout-16018d1d wp-block-buttons-is-layout-flex\">\n<div class=\"wp-block-button\"><a class=\"wp-block-button__link has-text-align-center wp-element-button\" href=\"https:\/\/swimsa.ch\/fr\/membres\/associations\/\" style=\"border-radius:2px\">En savoir plus<\/a><\/div>\n<\/div>\n\n<\/div><\/div><\/div>\n\n<div class=\"gb-grid-column gb-grid-column-7f11e533\"><div class=\"gb-container gb-container-7f11e533\"><div class=\"gb-inside-container\">\n<div class=\"wp-block-image\">\n<figure class=\"aligncenter size-full is-resized\"><img loading=\"lazy\" decoding=\"async\" src=\"https:\/\/swimsa.ch\/wp-content\/uploads\/2021\/03\/Icon_Projekte.png\" alt=\"\" class=\"wp-image-2419\" width=\"81\" height=\"80\" srcset=\"https:\/\/old.swimsa.ch\/wp-content\/uploads\/2021\/03\/Icon_Projekte.png 220w, https:\/\/old.swimsa.ch\/wp-content\/uploads\/2021\/03\/Icon_Projekte-150x150.png 150w\" sizes=\"auto, (max-width: 81px) 100vw, 81px\" \/><\/figure><\/div>\n\n\n<h3 class=\"gb-headline gb-headline-6486ecff gb-headline-text\">Membres associ\u00e9s<\/h3>\n\n\n\n<p class=\"has-text-align-left has-medium-font-size\">Les membres associ\u00e9s de la swimsa s&rsquo;engagent pour une soci\u00e9t\u00e9 plus saine et plus juste. C&rsquo;est pourquoi swimsa les soutient et les aide \u00e0 promouvoir leurs projets, au niveau national et international. Elle leur offre visibilit\u00e9, soutien et aide financi\u00e8re. <\/p>\n\n\n\n<div class=\"wp-block-buttons is-content-justification-center is-layout-flex wp-container-core-buttons-is-layout-16018d1d wp-block-buttons-is-layout-flex\">\n<div class=\"wp-block-button is-style-fill\"><a class=\"wp-block-button__link has-text-align-center wp-element-button\" href=\"https:\/\/swimsa.ch\/fr\/membres\/membres-associes\/\" style=\"border-radius:2px\">En savoir plus<\/a><\/div>\n<\/div>\n\n<\/div><\/div><\/div>\n<\/div>\n\n\n<div style=\"height:30px\" aria-hidden=\"true\" class=\"wp-block-spacer\"><\/div>\n\n\n\n<h2 class=\"gb-headline gb-headline-b58bd50f gb-headline-text\">Nos actions<\/h2>\n\n\n<div class=\"gb-grid-wrapper gb-grid-wrapper-7d212616\">\n<div class=\"gb-grid-column gb-grid-column-4aa6e243\"><div class=\"gb-container gb-container-4aa6e243\"><div class=\"gb-inside-container\">\n<div class=\"wp-block-image\">\n<figure class=\"aligncenter size-medium is-resized\"><img loading=\"lazy\" decoding=\"async\" src=\"https:\/\/swimsa.ch\/wp-content\/uploads\/2023\/05\/exchanges-300x289.png\" alt=\"\" class=\"wp-image-6758\" width=\"85\" height=\"81\" srcset=\"https:\/\/old.swimsa.ch\/wp-content\/uploads\/2023\/05\/exchanges-300x289.png 300w, https:\/\/old.swimsa.ch\/wp-content\/uploads\/2023\/05\/exchanges.png 689w\" sizes=\"auto, (max-width: 85px) 100vw, 85px\" \/><\/figure><\/div>\n\n\n<h3 class=\"gb-headline gb-headline-7229b037 gb-headline-text\">\u00c9changes<\/h3>\n\n\n\n<p class=\"has-text-align-left has-medium-font-size\">La swimsa fait partie des plus grands programmes d&rsquo;\u00e9change d&rsquo;\u00e9tudiants en m\u00e9decine du monde. Membre de <a href=\"https:\/\/swimsa.ch\/austausch\/scope\/\">SCOPE<\/a> et de <a href=\"https:\/\/swimsa.ch\/austausch\/score\/\">SCORE<\/a> (<a href=\"https:\/\/ifmsa.org\/\">IFMSA<\/a>), elle offre la possibilit\u00e9 unique aux \u00e9tudiant\u00b7e\u00b7s suisses d&rsquo;effectuer un s\u00e9jour \u00e0 l&rsquo;\u00e9tranger. Elle est \u00e9galement en charge des possibilit\u00e9s d&rsquo;\u00e9changes en Suisse pour les \u00e9tudiant\u00b7e\u00b7s en m\u00e9decine \u00e9trangers.  <\/p>\n\n\n\n<div class=\"wp-block-buttons is-layout-flex wp-block-buttons-is-layout-flex\">\n<div class=\"wp-block-button\"><a class=\"wp-block-button__link wp-element-button\" href=\"https:\/\/swimsa.ch\/fr\/exchanges\/\" style=\"border-radius:2px\">En savoir plus<\/a><\/div>\n<\/div>\n\n<\/div><\/div><\/div>\n\n<div class=\"gb-grid-column gb-grid-column-8abef3d1\"><div class=\"gb-container gb-container-8abef3d1\"><div class=\"gb-inside-container\">\n<div class=\"wp-block-image\">\n<figure class=\"aligncenter size-medium is-resized\"><img loading=\"lazy\" decoding=\"async\" src=\"https:\/\/swimsa.ch\/wp-content\/uploads\/2023\/05\/events-300x283.png\" alt=\"\" class=\"wp-image-6762\" width=\"85\" height=\"81\" srcset=\"https:\/\/old.swimsa.ch\/wp-content\/uploads\/2023\/05\/events-300x283.png 300w, https:\/\/old.swimsa.ch\/wp-content\/uploads\/2023\/05\/events.png 327w\" sizes=\"auto, (max-width: 85px) 100vw, 85px\" \/><\/figure><\/div>\n\n\n<h3 class=\"gb-headline gb-headline-58bebe4a gb-headline-text\">Ev\u00e9nements<\/h3>\n\n\n\n<p class=\"has-text-align-left has-medium-font-size\">Pour swimsa, les \u00e9tudes de m\u00e9decine ne se limitent pas seulement \u00e0 la th\u00e9orie et aux&nbsp;examens. C&rsquo;est pourquoi elle organise chaque ann\u00e9e de nombreux \u00e9v\u00e8nements \u00e0 l&rsquo;intention des \u00e9tudiant\u00b7e\u00b7s en m\u00e9decine suisses. Elle souhaite leur offrir la possibilit\u00e9 de s&rsquo;engager, s&rsquo;informer et de d\u00e9velopper des comp\u00e9tences qui feront d&rsquo;eux des meilleurs m\u00e9decins. <\/p>\n\n\n\n<div class=\"wp-block-buttons is-layout-flex wp-block-buttons-is-layout-flex\">\n<div class=\"wp-block-button\"><a class=\"wp-block-button__link wp-element-button\" href=\"https:\/\/swimsa.ch\/fr\/events\/\" style=\"border-radius:2px\">En savoir plus<\/a><\/div>\n<\/div>\n\n<\/div><\/div><\/div>\n\n<div class=\"gb-grid-column gb-grid-column-2b627192\"><div class=\"gb-container gb-container-2b627192\"><div class=\"gb-inside-container\">\n<div class=\"wp-block-image\">\n<figure class=\"aligncenter size-full is-resized\"><img loading=\"lazy\" decoding=\"async\" src=\"https:\/\/swimsa.ch\/wp-content\/uploads\/2021\/03\/Icon_Student.png\" alt=\"\" class=\"wp-image-2408\" width=\"66\" height=\"80\"\/><\/figure><\/div>\n\n\n<h3 class=\"gb-headline gb-headline-841c14a0 gb-headline-text\">Formation<\/h3>\n\n\n\n<p class=\"has-text-align-left has-medium-font-size\">La Commission de formation (CoFo) de swimsa traite de toutes les questions relatives \u00e0 la formation m\u00e9dicale. Chaque facult\u00e9 de m\u00e9decine suisse y est repr\u00e9sent\u00e9e. Elle d\u00e9fend les int\u00e9r\u00eat des \u00e9tudiants et s&rsquo;engage pour une formation de qualit\u00e9.<\/p>\n\n\n\n<div class=\"wp-block-buttons is-layout-flex wp-block-buttons-is-layout-flex\">\n<div class=\"wp-block-button\"><a class=\"wp-block-button__link wp-element-button\" href=\"https:\/\/swimsa.ch\/fr\/ausbildung\/\" style=\"border-radius:2px\">En savoir plus<\/a><\/div>\n<\/div>\n\n<\/div><\/div><\/div>\n\n<div class=\"gb-grid-column gb-grid-column-e22fdfd6\"><div class=\"gb-container gb-container-e22fdfd6\"><div class=\"gb-inside-container\">\n<div class=\"wp-block-image\">\n<figure class=\"aligncenter size-full is-resized\"><img loading=\"lazy\" decoding=\"async\" src=\"https:\/\/swimsa.ch\/wp-content\/uploads\/2021\/03\/Icon_Publikationen.png\" alt=\"\" class=\"wp-image-2423\" width=\"64\" height=\"80\"\/><\/figure><\/div>\n\n\n<h3 class=\"gb-headline gb-headline-ed1bbaba gb-headline-text\">Publications<\/h3>\n\n\n\n<p class=\"has-text-align-left has-medium-font-size\">La swimsa publie des journaux pour tous les \u00e9tudiants en m\u00e9decine, aussi bien en ligne que sous forme imprim\u00e9e. Ces publications ont pour but aussi bien d&rsquo;informer que de cr\u00e9er du lien entre les \u00e9tudiant\u00b7e\u00b7s. De plus, la newsletter de la swimsa para\u00eet une fois par mois.<\/p>\n\n\n\n<div class=\"wp-block-buttons is-layout-flex wp-block-buttons-is-layout-flex\">\n<div class=\"wp-block-button\"><a class=\"wp-block-button__link wp-element-button\" href=\"https:\/\/issuu.com\/swimsa\" style=\"border-radius:2px\">En savoir plus<\/a><\/div>\n<\/div>\n\n<\/div><\/div><\/div>\n<\/div>\n\n\n<div style=\"height:30px\" aria-hidden=\"true\" class=\"wp-block-spacer\"><\/div>\n\n\n\n<h2 class=\"gb-headline gb-headline-0048e03d gb-headline-text\">Collaboration nationale et internationale<\/h2>\n\n\n\n<p class=\"has-medium-font-size\">Au niveau international, swimsa est l&rsquo;un des 139 membres de l\u2019<a href=\"https:\/\/ifmsa.org\/\">IFMSA<\/a> (International Federation of Medical Students\u2019 Associations). Il s&rsquo;agit de l&rsquo;une des plus anciennes et des plus importantes organisations \u00e9tudiantes au monde.<\/p>\n\n\n\n<div class=\"wp-block-media-text alignwide is-stacked-on-mobile is-vertically-aligned-center\" style=\"grid-template-columns:15% auto\"><figure class=\"wp-block-media-text__media\"><img loading=\"lazy\" decoding=\"async\" width=\"300\" height=\"300\" src=\"https:\/\/swimsa.ch\/wp-content\/uploads\/2023\/05\/Network_icon-1-3-300x300.png\" alt=\"\" class=\"wp-image-6742 size-medium\" srcset=\"https:\/\/old.swimsa.ch\/wp-content\/uploads\/2023\/05\/Network_icon-1-3-300x300.png 300w, https:\/\/old.swimsa.ch\/wp-content\/uploads\/2023\/05\/Network_icon-1-3-150x150.png 150w, https:\/\/old.swimsa.ch\/wp-content\/uploads\/2023\/05\/Network_icon-1-3.png 389w\" sizes=\"auto, (max-width: 300px) 100vw, 300px\" \/><\/figure><div class=\"wp-block-media-text__content\">\n<p class=\"has-medium-font-size\">Au niveau national, les <a href=\"https:\/\/swimsa.ch\/fr\/01_swimsa_struktur\/#LO\">Liaison Officers<\/a> (LO) de la swimsa constituent le lien avec les organisations et institutions politiques qui traitent de la formation des \u00e9tudes de m\u00e9decine:<\/p>\n\n\n\n<ul class=\"has-medium-font-size wp-block-list\">\n<li><a href=\"https:\/\/vsao.ch\/fr\/\">asmac<\/a> (association suisse des m\u00e9decins assistant\u00b7e\u00b7s et chef\u00b7fe\u00b7s de clinique)<\/li>\n\n\n\n<li>Commission des professions m\u00e9dicales (<a href=\"https:\/\/www.bag.admin.ch\/bag\/fr\/home\/das-bag\/organisation\/ausserparlamentarische-kommissionen\/medizinalberufekommission-mebeko.html\">MeBeKo<\/a>)<\/li>\n\n\n\n<li><a href=\"https:\/\/www.fmh.ch\/fr\/index.cfm\">FMH<\/a> (<em><em>Foederatio Medicorum Helveticorum<\/em><\/em>)<\/li>\n\n\n\n<li><a href=\"https:\/\/www.bag.admin.ch\/bag\/fr\/home.html\">OFSP<\/a> (Office F\u00e9d\u00e9rale de la Sant\u00e9 Publique)<\/li>\n\n\n\n<li><a href=\"https:\/\/www.who.int\/\">OMS<\/a> (Organisation Mondiale de la Sant\u00e9)<\/li>\n\n\n\n<li><a href=\"https:\/\/vss-unes.ch\/fr\/\">UNES<\/a> (Union des \u00c9tudiant\u00b7e\u00b7s de Suisses)<\/li>\n<\/ul>\n<\/div><\/div>\n\n\n\n<p class=\"has-medium-font-size\">Le site <a href=\"https:\/\/medicus.ch\/\">medicus.ch<\/a> de la soci\u00e9t\u00e9 medison fait \u00e9galement partie du r\u00e9seau de la swimsa. La plateforme a \u00e9t\u00e9 cr\u00e9\u00e9e en collaboration avec l\u2019asmac et la medison. Elle est consid\u00e9r\u00e9e comme la principale plateforme de carri\u00e8re et d&rsquo;orientation pour les m\u00e9decins et les \u00e9tudiant\u00b7e\u00b7s en m\u00e9decine<\/p>\n\n\n\n<h2 class=\"gb-headline gb-headline-44e561fa gb-headline-text\">Interprofessionalit\u00e9<\/h2>\n\n\n\n<div class=\"wp-block-media-text alignwide is-stacked-on-mobile is-vertically-aligned-center\" style=\"grid-template-columns:15% auto\"><figure class=\"wp-block-media-text__media\"><img loading=\"lazy\" decoding=\"async\" width=\"1024\" height=\"650\" src=\"https:\/\/swimsa.ch\/wp-content\/uploads\/2023\/05\/handshake_icon-1024x650.png\" alt=\"\" class=\"wp-image-6746 size-full\" srcset=\"https:\/\/old.swimsa.ch\/wp-content\/uploads\/2023\/05\/handshake_icon-1024x650.png 1024w, https:\/\/old.swimsa.ch\/wp-content\/uploads\/2023\/05\/handshake_icon-300x190.png 300w, https:\/\/old.swimsa.ch\/wp-content\/uploads\/2023\/05\/handshake_icon-768x488.png 768w, https:\/\/old.swimsa.ch\/wp-content\/uploads\/2023\/05\/handshake_icon-1536x975.png 1536w, https:\/\/old.swimsa.ch\/wp-content\/uploads\/2023\/05\/handshake_icon.png 1832w\" sizes=\"auto, (max-width: 1024px) 100vw, 1024px\" \/><\/figure><div class=\"wp-block-media-text__content\">\n<p class=\"has-medium-font-size\">La swimsa s&rsquo;engage \u00e9galement au c\u00f4t\u00e9 de l&rsquo;<a href=\"https:\/\/www.asep.ch\/\">asep<\/a> (association suisse des \u00e9tudiant.es en pharmacie)et de <a href=\"https:\/\/psychologiestudierende.ch\/\">psyCH<\/a> (association suisse des \u00e9tudiant.es en psychologie). <\/p>\n\n\n\n<p class=\"has-medium-font-size\">Ensemble, elles ont cr\u00e9\u00e9 la SYHA (Swiss youth health alliance), un projet qui encourage la coop\u00e9ration interprofessionnelle entre les professions de la sant\u00e9 en Suisse. De ces rencontres est n\u00e9 <a href=\"https:\/\/www.shaped-ip.ch\/\">SHAPED<\/a> (Swiss Health Alliance for Interprofessional Education), une association \u00e9tudiante ind\u00e9pendante qui s&rsquo;efforce d&rsquo;accro\u00eetre la formation interprofessionnelle et la coop\u00e9ration entre les professions de sant\u00e9 en Suisse.<\/p>\n<\/div><\/div>\n\n<\/div><\/div>","protected":false},"excerpt":{"rendered":"<p>A propos \u00ab\u00a0swimsa &#8211; la voix de plus de 9000 \u00e9tudiant\u00b7e\u00b7s en m\u00e9decine suisses\u00a0\u00bb Nos membres Nos actions Collaboration nationale et internationale Au niveau international, &#8230; <a title=\"01_swimsa_a_propos\" class=\"read-more\" href=\"https:\/\/old.swimsa.ch\/fr\/a_propos\/\" aria-label=\"Read more about 01_swimsa_a_propos\">Read More<\/a><\/p>\n","protected":false},"author":4,"featured_media":0,"parent":0,"menu_order":0,"comment_status":"closed","ping_status":"closed","template":"","meta":{"inline_featured_image":false,"advgb_blocks_editor_width":"","advgb_blocks_columns_visual_guide":"","ghostkit_customizer_options":"","ghostkit_custom_css":"","ghostkit_custom_js_head":"","ghostkit_custom_js_foot":"","ghostkit_typography":"","footnotes":""},"class_list":["post-6363","page","type-page","status-publish"],"yoast_head":"<!-- This site is optimized with the Yoast SEO plugin v27.6 - https:\/\/yoast.com\/product\/yoast-seo-wordpress\/ -->\n<title>01_swimsa_a_propos - swimsa<\/title>\n<meta name=\"robots\" content=\"index, follow, max-snippet:-1, max-image-preview:large, max-video-preview:-1\" \/>\n<link rel=\"canonical\" href=\"https:\/\/old.swimsa.ch\/fr\/a_propos\/\" \/>\n<meta property=\"og:locale\" content=\"fr_FR\" \/>\n<meta property=\"og:type\" content=\"article\" \/>\n<meta property=\"og:title\" content=\"01_swimsa_a_propos - swimsa\" \/>\n<meta property=\"og:description\" content=\"A propos \u00ab\u00a0swimsa &#8211; la voix de plus de 9000 \u00e9tudiant\u00b7e\u00b7s en m\u00e9decine suisses\u00a0\u00bb Nos membres Nos actions Collaboration nationale et internationale Au niveau international, ... Read More\" \/>\n<meta property=\"og:url\" content=\"https:\/\/old.swimsa.ch\/fr\/a_propos\/\" \/>\n<meta property=\"og:site_name\" content=\"swimsa\" \/>\n<meta property=\"article:modified_time\" content=\"2023-05-26T11:05:41+00:00\" \/>\n<meta property=\"og:image\" content=\"https:\/\/swimsa.ch\/wp-content\/uploads\/2023\/05\/full-members.png\" \/>\n<meta name=\"twitter:card\" content=\"summary_large_image\" \/>\n<meta name=\"twitter:label1\" content=\"Dur\u00e9e de lecture estim\u00e9e\" \/>\n\t<meta name=\"twitter:data1\" content=\"4 minutes\" \/>\n<script type=\"application\/ld+json\" class=\"yoast-schema-graph\">{\"@context\":\"https:\\\/\\\/schema.org\",\"@graph\":[{\"@type\":\"WebPage\",\"@id\":\"https:\\\/\\\/old.swimsa.ch\\\/fr\\\/a_propos\\\/\",\"url\":\"https:\\\/\\\/old.swimsa.ch\\\/fr\\\/a_propos\\\/\",\"name\":\"01_swimsa_a_propos - swimsa\",\"isPartOf\":{\"@id\":\"https:\\\/\\\/old.swimsa.ch\\\/#website\"},\"primaryImageOfPage\":{\"@id\":\"https:\\\/\\\/old.swimsa.ch\\\/fr\\\/a_propos\\\/#primaryimage\"},\"image\":{\"@id\":\"https:\\\/\\\/old.swimsa.ch\\\/fr\\\/a_propos\\\/#primaryimage\"},\"thumbnailUrl\":\"https:\\\/\\\/swimsa.ch\\\/wp-content\\\/uploads\\\/2023\\\/05\\\/full-members.png\",\"datePublished\":\"2023-03-26T21:40:08+00:00\",\"dateModified\":\"2023-05-26T11:05:41+00:00\",\"breadcrumb\":{\"@id\":\"https:\\\/\\\/old.swimsa.ch\\\/fr\\\/a_propos\\\/#breadcrumb\"},\"inLanguage\":\"fr-FR\",\"potentialAction\":[{\"@type\":\"ReadAction\",\"target\":[\"https:\\\/\\\/old.swimsa.ch\\\/fr\\\/a_propos\\\/\"]}]},{\"@type\":\"ImageObject\",\"inLanguage\":\"fr-FR\",\"@id\":\"https:\\\/\\\/old.swimsa.ch\\\/fr\\\/a_propos\\\/#primaryimage\",\"url\":\"https:\\\/\\\/swimsa.ch\\\/wp-content\\\/uploads\\\/2023\\\/05\\\/full-members.png\",\"contentUrl\":\"https:\\\/\\\/swimsa.ch\\\/wp-content\\\/uploads\\\/2023\\\/05\\\/full-members.png\"},{\"@type\":\"BreadcrumbList\",\"@id\":\"https:\\\/\\\/old.swimsa.ch\\\/fr\\\/a_propos\\\/#breadcrumb\",\"itemListElement\":[{\"@type\":\"ListItem\",\"position\":1,\"name\":\"Startseite\",\"item\":\"https:\\\/\\\/old.swimsa.ch\\\/fr\\\/\"},{\"@type\":\"ListItem\",\"position\":2,\"name\":\"01_swimsa_a_propos\"}]},{\"@type\":\"WebSite\",\"@id\":\"https:\\\/\\\/old.swimsa.ch\\\/#website\",\"url\":\"https:\\\/\\\/old.swimsa.ch\\\/\",\"name\":\"swimsa\",\"description\":\"Stimme der Medizinstudierenden in der Schweiz\",\"publisher\":{\"@id\":\"https:\\\/\\\/old.swimsa.ch\\\/#organization\"},\"potentialAction\":[{\"@type\":\"SearchAction\",\"target\":{\"@type\":\"EntryPoint\",\"urlTemplate\":\"https:\\\/\\\/old.swimsa.ch\\\/?s={search_term_string}\"},\"query-input\":{\"@type\":\"PropertyValueSpecification\",\"valueRequired\":true,\"valueName\":\"search_term_string\"}}],\"inLanguage\":\"fr-FR\"},{\"@type\":\"Organization\",\"@id\":\"https:\\\/\\\/old.swimsa.ch\\\/#organization\",\"name\":\"swimsa\",\"url\":\"https:\\\/\\\/old.swimsa.ch\\\/\",\"logo\":{\"@type\":\"ImageObject\",\"inLanguage\":\"fr-FR\",\"@id\":\"https:\\\/\\\/old.swimsa.ch\\\/#\\\/schema\\\/logo\\\/image\\\/\",\"url\":\"https:\\\/\\\/old.swimsa.ch\\\/wp-content\\\/uploads\\\/2021\\\/03\\\/Logo_swimsa.svg\",\"contentUrl\":\"https:\\\/\\\/old.swimsa.ch\\\/wp-content\\\/uploads\\\/2021\\\/03\\\/Logo_swimsa.svg\",\"width\":100,\"height\":100,\"caption\":\"swimsa\"},\"image\":{\"@id\":\"https:\\\/\\\/old.swimsa.ch\\\/#\\\/schema\\\/logo\\\/image\\\/\"}}]}<\/script>\n<!-- \/ Yoast SEO plugin. -->","yoast_head_json":{"title":"01_swimsa_a_propos - swimsa","robots":{"index":"index","follow":"follow","max-snippet":"max-snippet:-1","max-image-preview":"max-image-preview:large","max-video-preview":"max-video-preview:-1"},"canonical":"https:\/\/old.swimsa.ch\/fr\/a_propos\/","og_locale":"fr_FR","og_type":"article","og_title":"01_swimsa_a_propos - swimsa","og_description":"A propos \u00ab\u00a0swimsa &#8211; la voix de plus de 9000 \u00e9tudiant\u00b7e\u00b7s en m\u00e9decine suisses\u00a0\u00bb Nos membres Nos actions Collaboration nationale et internationale Au niveau international, ... Read More","og_url":"https:\/\/old.swimsa.ch\/fr\/a_propos\/","og_site_name":"swimsa","article_modified_time":"2023-05-26T11:05:41+00:00","og_image":[{"url":"https:\/\/swimsa.ch\/wp-content\/uploads\/2023\/05\/full-members.png","type":"","width":"","height":""}],"twitter_card":"summary_large_image","twitter_misc":{"Dur\u00e9e de lecture estim\u00e9e":"4 minutes"},"schema":{"@context":"https:\/\/schema.org","@graph":[{"@type":"WebPage","@id":"https:\/\/old.swimsa.ch\/fr\/a_propos\/","url":"https:\/\/old.swimsa.ch\/fr\/a_propos\/","name":"01_swimsa_a_propos - swimsa","isPartOf":{"@id":"https:\/\/old.swimsa.ch\/#website"},"primaryImageOfPage":{"@id":"https:\/\/old.swimsa.ch\/fr\/a_propos\/#primaryimage"},"image":{"@id":"https:\/\/old.swimsa.ch\/fr\/a_propos\/#primaryimage"},"thumbnailUrl":"https:\/\/swimsa.ch\/wp-content\/uploads\/2023\/05\/full-members.png","datePublished":"2023-03-26T21:40:08+00:00","dateModified":"2023-05-26T11:05:41+00:00","breadcrumb":{"@id":"https:\/\/old.swimsa.ch\/fr\/a_propos\/#breadcrumb"},"inLanguage":"fr-FR","potentialAction":[{"@type":"ReadAction","target":["https:\/\/old.swimsa.ch\/fr\/a_propos\/"]}]},{"@type":"ImageObject","inLanguage":"fr-FR","@id":"https:\/\/old.swimsa.ch\/fr\/a_propos\/#primaryimage","url":"https:\/\/swimsa.ch\/wp-content\/uploads\/2023\/05\/full-members.png","contentUrl":"https:\/\/swimsa.ch\/wp-content\/uploads\/2023\/05\/full-members.png"},{"@type":"BreadcrumbList","@id":"https:\/\/old.swimsa.ch\/fr\/a_propos\/#breadcrumb","itemListElement":[{"@type":"ListItem","position":1,"name":"Startseite","item":"https:\/\/old.swimsa.ch\/fr\/"},{"@type":"ListItem","position":2,"name":"01_swimsa_a_propos"}]},{"@type":"WebSite","@id":"https:\/\/old.swimsa.ch\/#website","url":"https:\/\/old.swimsa.ch\/","name":"swimsa","description":"Stimme der Medizinstudierenden in der Schweiz","publisher":{"@id":"https:\/\/old.swimsa.ch\/#organization"},"potentialAction":[{"@type":"SearchAction","target":{"@type":"EntryPoint","urlTemplate":"https:\/\/old.swimsa.ch\/?s={search_term_string}"},"query-input":{"@type":"PropertyValueSpecification","valueRequired":true,"valueName":"search_term_string"}}],"inLanguage":"fr-FR"},{"@type":"Organization","@id":"https:\/\/old.swimsa.ch\/#organization","name":"swimsa","url":"https:\/\/old.swimsa.ch\/","logo":{"@type":"ImageObject","inLanguage":"fr-FR","@id":"https:\/\/old.swimsa.ch\/#\/schema\/logo\/image\/","url":"https:\/\/old.swimsa.ch\/wp-content\/uploads\/2021\/03\/Logo_swimsa.svg","contentUrl":"https:\/\/old.swimsa.ch\/wp-content\/uploads\/2021\/03\/Logo_swimsa.svg","width":100,"height":100,"caption":"swimsa"},"image":{"@id":"https:\/\/old.swimsa.ch\/#\/schema\/logo\/image\/"}}]}},"featured_image_src":null,"featured_image_src_square":null,"coauthors":[],"author_meta":{"author_link":"https:\/\/old.swimsa.ch\/fr\/author\/vpcswimsa-ch\/","display_name":"swimsa VPC"},"relative_dates":{"created":"Publi\u00e9 3 ans il y a","modified":"Mis \u00e0 jour 3 ans il y a"},"absolute_dates":{"created":"Publi\u00e9 le 26. mars 2023","modified":"Mise \u00e0 jour le 26. mai 2023"},"absolute_dates_time":{"created":"Publi\u00e9 le 26. mars 2023 23:40","modified":"Mise \u00e0 jour le 26. mai 2023 13:05"},"featured_img_caption":"","featured_img":false,"series_order":"","_links":{"self":[{"href":"https:\/\/old.swimsa.ch\/fr\/wp-json\/wp\/v2\/pages\/6363","targetHints":{"allow":["GET"]}}],"collection":[{"href":"https:\/\/old.swimsa.ch\/fr\/wp-json\/wp\/v2\/pages"}],"about":[{"href":"https:\/\/old.swimsa.ch\/fr\/wp-json\/wp\/v2\/types\/page"}],"author":[{"embeddable":true,"href":"https:\/\/old.swimsa.ch\/fr\/wp-json\/wp\/v2\/users\/4"}],"replies":[{"embeddable":true,"href":"https:\/\/old.swimsa.ch\/fr\/wp-json\/wp\/v2\/comments?post=6363"}],"version-history":[{"count":24,"href":"https:\/\/old.swimsa.ch\/fr\/wp-json\/wp\/v2\/pages\/6363\/revisions"}],"predecessor-version":[{"id":6957,"href":"https:\/\/old.swimsa.ch\/fr\/wp-json\/wp\/v2\/pages\/6363\/revisions\/6957"}],"wp:attachment":[{"href":"https:\/\/old.swimsa.ch\/fr\/wp-json\/wp\/v2\/media?parent=6363"}],"curies":[{"name":"wp","href":"https:\/\/api.w.org\/{rel}","templated":true}]}}