{"id":3998,"date":"2021-07-16T21:52:25","date_gmt":"2021-07-16T19:52:25","guid":{"rendered":"https:\/\/swimsa.signalwirkung.ch\/?page_id=3998"},"modified":"2021-10-30T16:38:06","modified_gmt":"2021-10-30T14:38:06","slug":"ausbildung","status":"publish","type":"page","link":"https:\/\/old.swimsa.ch\/fr\/ausbildung\/","title":{"rendered":"Formation"},"content":{"rendered":"<div class=\"gb-container gb-container-4c6dd4be\"><div class=\"gb-inside-container\">\n<div class=\"gb-container gb-container-c1f1455e alignfull\"><div class=\"gb-inside-container\"><\/div><div class=\"gb-shapes\"><div class=\"gb-shape gb-shape-1\"><svg xmlns=\"http:\/\/www.w3.org\/2000\/svg\" viewBox=\"0 0 1200 100\" preserveAspectRatio=\"none\"><path d=\"M1200 100H0V0l400 77.2L1200 0z\"\/><\/svg><\/div><\/div><\/div>\n\n\n<h1 class=\"gb-headline gb-headline-a9f7d715 gb-headline-text\">Formation<\/h1>\n\n\n\n<p>Notre formation&#8230; As-tu d\u00e9j\u00e0 pens\u00e9 \u00e0 ce qui pourrait \u00eatre chang\u00e9 au niveau de notre formation? As-tu des id\u00e9es sur la fa\u00e7on dont le programme d&rsquo;\u00e9tudes et la didactique pourraient \u00eatre am\u00e9lior\u00e9s? Ou encore, y a-t-il des sujets qui sont \u00e0 tes yeux trop fortement ou trop peu repr\u00e9sent\u00e9s dans les 6 ann\u00e9es d&rsquo;\u00e9tudes m\u00e9dicales?<\/p>\n\n\n\n<p>Ce sont exactement les questions auxquelles la swimsa s&rsquo;int\u00e9resse! La Commission de la formation (CoFo) est un organe d\u00e9mocratique qui traite de toutes les questions concernant l&rsquo;\u00e9ducation des \u00e9tudiant\u00b7es en m\u00e9decine. La CoFo veille \u00e0 ce que l&rsquo;avis des \u00e9tudiant\u00b7es en m\u00e9decine suisses soit transmis aux organes nationaux comp\u00e9tents et s&rsquo;efforce de repr\u00e9senter les int\u00e9r\u00eats des \u00e9tudiant\u00b7es partout o\u00f9 cela est souhaitable. En effet, la Commission de la formation a une vision de l&rsquo;\u00e9ducation m\u00e9dicale et fait tout ce qui est en son pouvoir pour en faire une r\u00e9alit\u00e9:<\/p>\n\n\n\n<p class=\"has-text-align-center\"><em>\u201cCette commission envisage une formation polyvalente et tourn\u00e9e vers l&rsquo;avenir, r\u00e9pondant aux exigences et aux demandes des \u00e9tudiant\u00b7es en m\u00e9decine suisses et de la soci\u00e9t\u00e9. Elle est le lien entre l&rsquo;\u00e9ducation et le travail, les \u00e9tudiant\u00b7es et les professionnel\u00b7les, dans tous les domaines de soins et de sant\u00e9.\u201d<\/em><\/p>\n\n\n\n<p>Les r\u00e9unions de la CoFo ont lieu trois fois par semestre, chaque fois le samedi ou le dimanche matin pr\u00e8s de la gare de Berne. Les prochaines r\u00e9unions auront lieu en Octobre\/Novembre.<\/p>\n\n\n\n<p>Plus pr\u00e9cis\u00e9ment, la CoFo traite actuellement les sujets suivants:<\/p>\n\n\n\n<ul class=\"is-style-default wp-block-list\"><li>L&rsquo;impact de COVID19 sur la derni\u00e8re ann\u00e9e d&rsquo;\u00e9tudes<\/li><li>Mobilit\u00e9 des ma\u00eetres<\/li><li>Sexe et genre dans le programme d&rsquo;\u00e9tudes<\/li><\/ul>\n\n\n\n<p>Es-tu int\u00e9ress\u00e9\u00b7e \u00e0 rejoindre le comit\u00e9 d&rsquo;\u00e9ducation? Veux-tu \u00ab\u00a0go\u00fbter\u00a0\u00bb ou as-tu un sujet important \u00e0 aborder lors de la prochaine r\u00e9union?<\/p>\n\n\n\n<p>Alors, prends contact ici: Matias Jacomet <a href=\"mailto:vpa@swimsa.ch\">vpa@swimsa.ch<\/a>.<\/p>\n\n\n\n<h2 class=\"gb-headline gb-headline-c80a0e30 gb-headline-text\">Domaines<\/h2>\n\n\n\n<p>Si tu veux d&rsquo;abord t\u2019informer, tu peux trouver les diff\u00e9rents sujets ici:<\/p>\n\n\n\n<div class=\"ghostkit-grid ghostkit-grid-gap-md\"><div class=\"ghostkit-grid-inner\">\n<div class=\"ghostkit-col ghostkit-col-lg-12 ghostkit-col-4\"><div class=\"ghostkit-col-content is-layout-flow wp-block-grid-column-is-layout-flow\">\n<div class=\"wp-block-buttons is-content-justification-center is-layout-flex wp-block-buttons-is-layout-flex\">\n<div class=\"wp-block-button\"><a class=\"wp-block-button__link\" href=\"https:\/\/swimsa.ch\/fr\/ausbildung\/commission-de-la-formation\/\">Commission de la Formation<\/a><\/div>\n<\/div>\n\n\n\n<p>ici, tu peux en savoir plus sur les membres et les th\u00e8mes de la commission de l&rsquo;\u00e9ducation.<\/p>\n<\/div><\/div>\n\n\n\n<div class=\"ghostkit-col ghostkit-col-lg-12 ghostkit-col-4\"><div class=\"ghostkit-col-content is-layout-flow wp-block-grid-column-is-layout-flow\">\n<div class=\"wp-block-buttons is-content-justification-center is-layout-flex wp-block-buttons-is-layout-flex\">\n<div class=\"wp-block-button\"><a class=\"wp-block-button__link\" href=\"https:\/\/swimsa.ch\/fr\/ausbildung\/ressources-pour-les-etudiant%c2%b7es\/\">Ressources pour les \u00e9tudiant\u00b7es<\/a><\/div>\n<\/div>\n\n\n\n<p>ici, tu trouves ici des informations sur le d\u00e9but de tes \u00e9tudes, les \u00e9tudes elles-m\u00eames et la transition vers la vie professionnelle.<\/p>\n<\/div><\/div>\n\n\n\n<div class=\"ghostkit-col ghostkit-col-lg-12 ghostkit-col-4\"><div class=\"ghostkit-col-content is-layout-flow wp-block-grid-column-is-layout-flow\">\n<div class=\"wp-block-buttons is-content-justification-center is-layout-flex wp-block-buttons-is-layout-flex\">\n<div class=\"wp-block-button\"><a class=\"wp-block-button__link\" href=\"https:\/\/swimsa.ch\/fr\/ausbildung\/ressources-pour-lassociation\/\">Ressources pour les association<\/a><\/div>\n<\/div>\n\n\n\n<p><em>cette page est encore en construction &#8211; \u00e0 partir du semestre d&rsquo;automne 2021, tu trouves ici des informations sp\u00e9cifiquement destin\u00e9es aux repr\u00e9sentant\u00b7es des \u00e9tudiant\u00b7es.<\/em><\/p>\n<\/div><\/div>\n<\/div><\/div>\n\n\n\n<div class=\"ghostkit-grid ghostkit-grid-gap-md\"><div class=\"ghostkit-grid-inner\">\n<div class=\"ghostkit-col ghostkit-col-lg-12 ghostkit-col-4\"><div class=\"ghostkit-col-content is-layout-flow wp-block-grid-column-is-layout-flow\">\n<div class=\"wp-block-buttons is-content-justification-center is-layout-flex wp-block-buttons-is-layout-flex\">\n<div class=\"wp-block-button\"><a class=\"wp-block-button__link\" href=\"https:\/\/swimsa.ch\/fr\/ausbildung\/coach-my-career\/\">Coach my Career<\/a><\/div>\n<\/div>\n\n\n\n<p>Ici tu trouves des informations sur la transition vers la vie professionnelle.<\/p>\n<\/div><\/div>\n\n\n\n<div class=\"ghostkit-col ghostkit-col-lg-12 ghostkit-col-4\"><div class=\"ghostkit-col-content is-layout-flow wp-block-grid-column-is-layout-flow\">\n<div class=\"wp-block-buttons is-content-justification-center is-layout-flex wp-block-buttons-is-layout-flex\">\n<div class=\"wp-block-button\"><a class=\"wp-block-button__link\" href=\"https:\/\/swimsa.ch\/fr\/ausbildung\/prises-de-positions\/\">Prises de position<\/a><\/div>\n<\/div>\n\n\n\n<p>Ici tu trouves ici l&rsquo;avis officiel de la swimsa sur des sujets li\u00e9s \u00e0 l&rsquo;\u00e9ducation m\u00e9dicale.<\/p>\n<\/div><\/div>\n\n\n\n<div class=\"ghostkit-col ghostkit-col-lg-12 ghostkit-col-4\"><div class=\"ghostkit-col-content is-layout-flow wp-block-grid-column-is-layout-flow\">\n<div class=\"wp-block-buttons is-content-justification-center is-layout-flex wp-block-buttons-is-layout-flex\">\n<div class=\"wp-block-button\"><a class=\"wp-block-button__link\" href=\"https:\/\/swimsa.ch\/fr\/ausbildung\/interprofessionnalisme\/\">Interprofessionnalisme<\/a><\/div>\n<\/div>\n\n\n\n<p>Ici tu trouves ici de nombreuses informations sur SHAPED, une organisation qui milite pour plus d&rsquo;inter professionnalisme dans l&rsquo;enseignement m\u00e9dical.<\/p>\n<\/div><\/div>\n<\/div><\/div>\n\n\n\n<div class=\"ghostkit-accordion ghostkit-accordion-0\"><\/div>\n\n<\/div><\/div>","protected":false},"excerpt":{"rendered":"<p>Formation Notre formation&#8230; As-tu d\u00e9j\u00e0 pens\u00e9 \u00e0 ce qui pourrait \u00eatre chang\u00e9 au niveau de notre formation? As-tu des id\u00e9es sur la fa\u00e7on dont le &#8230; <a title=\"Formation\" class=\"read-more\" href=\"https:\/\/old.swimsa.ch\/fr\/ausbildung\/\" aria-label=\"Read more about Formation\">Read More<\/a><\/p>\n","protected":false},"author":3,"featured_media":0,"parent":0,"menu_order":0,"comment_status":"closed","ping_status":"closed","template":"","meta":{"inline_featured_image":false,"advgb_blocks_editor_width":"","advgb_blocks_columns_visual_guide":"","ghostkit_customizer_options":"","ghostkit_custom_css":"","ghostkit_custom_js_head":"","ghostkit_custom_js_foot":"","ghostkit_typography":"","footnotes":""},"class_list":["post-3998","page","type-page","status-publish"],"yoast_head":"<!-- This site is optimized with the Yoast SEO plugin v27.6 - https:\/\/yoast.com\/product\/yoast-seo-wordpress\/ -->\n<title>Formation - swimsa<\/title>\n<meta name=\"robots\" content=\"index, follow, max-snippet:-1, max-image-preview:large, max-video-preview:-1\" \/>\n<link rel=\"canonical\" href=\"https:\/\/old.swimsa.ch\/fr\/ausbildung\/\" \/>\n<meta property=\"og:locale\" content=\"fr_FR\" \/>\n<meta property=\"og:type\" content=\"article\" \/>\n<meta property=\"og:title\" content=\"Formation - swimsa\" \/>\n<meta property=\"og:description\" content=\"Formation Notre formation&#8230; As-tu d\u00e9j\u00e0 pens\u00e9 \u00e0 ce qui pourrait \u00eatre chang\u00e9 au niveau de notre formation? As-tu des id\u00e9es sur la fa\u00e7on dont le ... Read More\" \/>\n<meta property=\"og:url\" content=\"https:\/\/old.swimsa.ch\/fr\/ausbildung\/\" \/>\n<meta property=\"og:site_name\" content=\"swimsa\" \/>\n<meta property=\"article:modified_time\" content=\"2021-10-30T14:38:06+00:00\" \/>\n<meta name=\"twitter:card\" content=\"summary_large_image\" \/>\n<meta name=\"twitter:label1\" content=\"Dur\u00e9e de lecture estim\u00e9e\" \/>\n\t<meta name=\"twitter:data1\" content=\"2 minutes\" \/>\n<script type=\"application\/ld+json\" class=\"yoast-schema-graph\">{\"@context\":\"https:\\\/\\\/schema.org\",\"@graph\":[{\"@type\":\"WebPage\",\"@id\":\"https:\\\/\\\/old.swimsa.ch\\\/fr\\\/ausbildung\\\/\",\"url\":\"https:\\\/\\\/old.swimsa.ch\\\/fr\\\/ausbildung\\\/\",\"name\":\"Formation - swimsa\",\"isPartOf\":{\"@id\":\"https:\\\/\\\/old.swimsa.ch\\\/#website\"},\"datePublished\":\"2021-07-16T19:52:25+00:00\",\"dateModified\":\"2021-10-30T14:38:06+00:00\",\"breadcrumb\":{\"@id\":\"https:\\\/\\\/old.swimsa.ch\\\/fr\\\/ausbildung\\\/#breadcrumb\"},\"inLanguage\":\"fr-FR\",\"potentialAction\":[{\"@type\":\"ReadAction\",\"target\":[\"https:\\\/\\\/old.swimsa.ch\\\/fr\\\/ausbildung\\\/\"]}]},{\"@type\":\"BreadcrumbList\",\"@id\":\"https:\\\/\\\/old.swimsa.ch\\\/fr\\\/ausbildung\\\/#breadcrumb\",\"itemListElement\":[{\"@type\":\"ListItem\",\"position\":1,\"name\":\"Startseite\",\"item\":\"https:\\\/\\\/old.swimsa.ch\\\/fr\\\/\"},{\"@type\":\"ListItem\",\"position\":2,\"name\":\"Formation\"}]},{\"@type\":\"WebSite\",\"@id\":\"https:\\\/\\\/old.swimsa.ch\\\/#website\",\"url\":\"https:\\\/\\\/old.swimsa.ch\\\/\",\"name\":\"swimsa\",\"description\":\"Stimme der Medizinstudierenden in der Schweiz\",\"publisher\":{\"@id\":\"https:\\\/\\\/old.swimsa.ch\\\/#organization\"},\"potentialAction\":[{\"@type\":\"SearchAction\",\"target\":{\"@type\":\"EntryPoint\",\"urlTemplate\":\"https:\\\/\\\/old.swimsa.ch\\\/?s={search_term_string}\"},\"query-input\":{\"@type\":\"PropertyValueSpecification\",\"valueRequired\":true,\"valueName\":\"search_term_string\"}}],\"inLanguage\":\"fr-FR\"},{\"@type\":\"Organization\",\"@id\":\"https:\\\/\\\/old.swimsa.ch\\\/#organization\",\"name\":\"swimsa\",\"url\":\"https:\\\/\\\/old.swimsa.ch\\\/\",\"logo\":{\"@type\":\"ImageObject\",\"inLanguage\":\"fr-FR\",\"@id\":\"https:\\\/\\\/old.swimsa.ch\\\/#\\\/schema\\\/logo\\\/image\\\/\",\"url\":\"https:\\\/\\\/old.swimsa.ch\\\/wp-content\\\/uploads\\\/2021\\\/03\\\/Logo_swimsa.svg\",\"contentUrl\":\"https:\\\/\\\/old.swimsa.ch\\\/wp-content\\\/uploads\\\/2021\\\/03\\\/Logo_swimsa.svg\",\"width\":100,\"height\":100,\"caption\":\"swimsa\"},\"image\":{\"@id\":\"https:\\\/\\\/old.swimsa.ch\\\/#\\\/schema\\\/logo\\\/image\\\/\"}}]}<\/script>\n<!-- \/ Yoast SEO plugin. -->","yoast_head_json":{"title":"Formation - swimsa","robots":{"index":"index","follow":"follow","max-snippet":"max-snippet:-1","max-image-preview":"max-image-preview:large","max-video-preview":"max-video-preview:-1"},"canonical":"https:\/\/old.swimsa.ch\/fr\/ausbildung\/","og_locale":"fr_FR","og_type":"article","og_title":"Formation - swimsa","og_description":"Formation Notre formation&#8230; As-tu d\u00e9j\u00e0 pens\u00e9 \u00e0 ce qui pourrait \u00eatre chang\u00e9 au niveau de notre formation? As-tu des id\u00e9es sur la fa\u00e7on dont le ... Read More","og_url":"https:\/\/old.swimsa.ch\/fr\/ausbildung\/","og_site_name":"swimsa","article_modified_time":"2021-10-30T14:38:06+00:00","twitter_card":"summary_large_image","twitter_misc":{"Dur\u00e9e de lecture estim\u00e9e":"2 minutes"},"schema":{"@context":"https:\/\/schema.org","@graph":[{"@type":"WebPage","@id":"https:\/\/old.swimsa.ch\/fr\/ausbildung\/","url":"https:\/\/old.swimsa.ch\/fr\/ausbildung\/","name":"Formation - swimsa","isPartOf":{"@id":"https:\/\/old.swimsa.ch\/#website"},"datePublished":"2021-07-16T19:52:25+00:00","dateModified":"2021-10-30T14:38:06+00:00","breadcrumb":{"@id":"https:\/\/old.swimsa.ch\/fr\/ausbildung\/#breadcrumb"},"inLanguage":"fr-FR","potentialAction":[{"@type":"ReadAction","target":["https:\/\/old.swimsa.ch\/fr\/ausbildung\/"]}]},{"@type":"BreadcrumbList","@id":"https:\/\/old.swimsa.ch\/fr\/ausbildung\/#breadcrumb","itemListElement":[{"@type":"ListItem","position":1,"name":"Startseite","item":"https:\/\/old.swimsa.ch\/fr\/"},{"@type":"ListItem","position":2,"name":"Formation"}]},{"@type":"WebSite","@id":"https:\/\/old.swimsa.ch\/#website","url":"https:\/\/old.swimsa.ch\/","name":"swimsa","description":"Stimme der Medizinstudierenden in der Schweiz","publisher":{"@id":"https:\/\/old.swimsa.ch\/#organization"},"potentialAction":[{"@type":"SearchAction","target":{"@type":"EntryPoint","urlTemplate":"https:\/\/old.swimsa.ch\/?s={search_term_string}"},"query-input":{"@type":"PropertyValueSpecification","valueRequired":true,"valueName":"search_term_string"}}],"inLanguage":"fr-FR"},{"@type":"Organization","@id":"https:\/\/old.swimsa.ch\/#organization","name":"swimsa","url":"https:\/\/old.swimsa.ch\/","logo":{"@type":"ImageObject","inLanguage":"fr-FR","@id":"https:\/\/old.swimsa.ch\/#\/schema\/logo\/image\/","url":"https:\/\/old.swimsa.ch\/wp-content\/uploads\/2021\/03\/Logo_swimsa.svg","contentUrl":"https:\/\/old.swimsa.ch\/wp-content\/uploads\/2021\/03\/Logo_swimsa.svg","width":100,"height":100,"caption":"swimsa"},"image":{"@id":"https:\/\/old.swimsa.ch\/#\/schema\/logo\/image\/"}}]}},"featured_image_src":null,"featured_image_src_square":null,"coauthors":[],"author_meta":{"author_link":"https:\/\/old.swimsa.ch\/fr\/author\/websiteswimsa-ch\/","display_name":"Webmaster"},"relative_dates":{"created":"Publi\u00e9 5 ans il y a","modified":"Mis \u00e0 jour 5 ans il y a"},"absolute_dates":{"created":"Publi\u00e9 le 16. juillet 2021","modified":"Mise \u00e0 jour le 30. octobre 2021"},"absolute_dates_time":{"created":"Publi\u00e9 le 16. juillet 2021 21:52","modified":"Mise \u00e0 jour le 30. octobre 2021 16:38"},"featured_img_caption":"","featured_img":false,"series_order":"","_links":{"self":[{"href":"https:\/\/old.swimsa.ch\/fr\/wp-json\/wp\/v2\/pages\/3998","targetHints":{"allow":["GET"]}}],"collection":[{"href":"https:\/\/old.swimsa.ch\/fr\/wp-json\/wp\/v2\/pages"}],"about":[{"href":"https:\/\/old.swimsa.ch\/fr\/wp-json\/wp\/v2\/types\/page"}],"author":[{"embeddable":true,"href":"https:\/\/old.swimsa.ch\/fr\/wp-json\/wp\/v2\/users\/3"}],"replies":[{"embeddable":true,"href":"https:\/\/old.swimsa.ch\/fr\/wp-json\/wp\/v2\/comments?post=3998"}],"version-history":[{"count":9,"href":"https:\/\/old.swimsa.ch\/fr\/wp-json\/wp\/v2\/pages\/3998\/revisions"}],"predecessor-version":[{"id":4525,"href":"https:\/\/old.swimsa.ch\/fr\/wp-json\/wp\/v2\/pages\/3998\/revisions\/4525"}],"wp:attachment":[{"href":"https:\/\/old.swimsa.ch\/fr\/wp-json\/wp\/v2\/media?parent=3998"}],"curies":[{"name":"wp","href":"https:\/\/api.w.org\/{rel}","templated":true}]}}