{"id":3827,"date":"2021-07-04T18:27:12","date_gmt":"2021-07-04T16:27:12","guid":{"rendered":"https:\/\/swimsa.signalwirkung.ch\/?page_id=3827"},"modified":"2021-07-04T18:27:13","modified_gmt":"2021-07-04T16:27:13","slug":"abreviations","status":"publish","type":"page","link":"https:\/\/old.swimsa.ch\/fr\/exchanges\/abreviations\/","title":{"rendered":"abr\u00e9viations"},"content":{"rendered":"<div class=\"gb-container gb-container-4c6dd4be\"><div class=\"gb-inside-container\">\n\n<h1 class=\"gb-headline gb-headline-a9f7d715 gb-headline-text\">abr\u00e9viations<\/h1>\n\n\n\n<p>Dans l&rsquo;IFMSA ainsi que dans les swimsa Exchanges, de nombreuses abr\u00e9viations sont utilis\u00e9es. Pour te faciliter la lecture des nombreux nouveaux termes, nous te renvoyons \u00e0 cette liste:<\/p>\n\n\n\n<p>AF: Application Form<\/p>\n\n\n\n<p>ECs: Exchange Conditions<\/p>\n\n\n\n<p>EF: Evaluation Form<\/p>\n\n\n\n<p>CA: Card of Acceptance<\/p>\n\n\n\n<p>CoD: Card of Documents<\/p>\n\n\n\n<p>CC: Card of Confirmation<\/p>\n\n\n\n<p>IL: Invitation Letter<\/p>\n\n\n\n<p>PDT: PreDeparture Training<\/p>\n\n\n\n<p>UAT: Upon Arrival Training<\/p>\n\n\n\n<p>EA: Educational Activity<\/p>\n\n\n\n<p>IFMSA: International Federation of Medical Students Associations<\/p>\n\n\n\n<p>LC: Local Committee<\/p>\n\n\n\n<p>NSP: National Social Program<\/p>\n\n\n\n<p>CP: Contact Person<\/p>\n\n\n\n<p>LEO: Local Exchange Officer<\/p>\n\n\n\n<p>LORE: Local Officer on Research Exchange<\/p>\n\n\n\n<p>NEO: National Exchange Officer<\/p>\n\n\n\n<p>NORE: National Officer on Research Exchange<\/p>\n\n\n\n<p>SCOPE: Standing Committee on Professional Exchange<\/p>\n\n\n\n<p>SCORE: Standing Committee on Research Exchange<\/p>\n\n\n\n<p>SCORA: Standing Committee on Sexual and Reproductive Health and Rights including HIV and AIDS<\/p>\n\n\n\n<p>SCOPH: Standing Committee on Public Health<\/p>\n\n\n\n<p>NMO: National Member Organization: (sending NMO: the NMO where you come from, responsible for the outgoings selection<\/p>\n\n\n\n<p>process \u2013 hosting NMO: the NMO which is responsible for organizing the and hosting the international student)<\/p>\n\n\n\n<p>CB: Capacity Building<\/p>\n\n\n\n<p>TNET: Training New Exchange Trainers<\/p>\n\n\n\n<p>PRET: Professional and Research Exchange Training<\/p>\n\n\n\n<p>SRT: Sub-Regional Training<\/p>\n\n\n\n<p>GA: General Assembly<\/p>\n\n\n\n<p>MM: March Meeting<\/p>\n\n\n\n<p>AM: August Meeting<\/p>\n\n<\/div><\/div>","protected":false},"excerpt":{"rendered":"<p>abr\u00e9viations Dans l&rsquo;IFMSA ainsi que dans les swimsa Exchanges, de nombreuses abr\u00e9viations sont utilis\u00e9es. Pour te faciliter la lecture des nombreux nouveaux termes, nous te &#8230; <a title=\"abr\u00e9viations\" class=\"read-more\" href=\"https:\/\/old.swimsa.ch\/fr\/exchanges\/abreviations\/\" aria-label=\"Read more about abr\u00e9viations\">Read More<\/a><\/p>\n","protected":false},"author":3,"featured_media":0,"parent":3824,"menu_order":0,"comment_status":"closed","ping_status":"closed","template":"","meta":{"inline_featured_image":false,"advgb_blocks_editor_width":"","advgb_blocks_columns_visual_guide":"","ghostkit_customizer_options":"","ghostkit_custom_css":"","ghostkit_custom_js_head":"","ghostkit_custom_js_foot":"","ghostkit_typography":"","footnotes":""},"class_list":["post-3827","page","type-page","status-publish"],"yoast_head":"<!-- This site is optimized with the Yoast SEO plugin v27.6 - https:\/\/yoast.com\/product\/yoast-seo-wordpress\/ -->\n<title>abr\u00e9viations - swimsa<\/title>\n<meta name=\"robots\" content=\"index, follow, max-snippet:-1, max-image-preview:large, max-video-preview:-1\" \/>\n<link rel=\"canonical\" href=\"https:\/\/old.swimsa.ch\/fr\/exchanges\/abreviations\/\" \/>\n<meta property=\"og:locale\" content=\"fr_FR\" \/>\n<meta property=\"og:type\" content=\"article\" \/>\n<meta property=\"og:title\" content=\"abr\u00e9viations - swimsa\" \/>\n<meta property=\"og:description\" content=\"abr\u00e9viations Dans l&rsquo;IFMSA ainsi que dans les swimsa Exchanges, de nombreuses abr\u00e9viations sont utilis\u00e9es. Pour te faciliter la lecture des nombreux nouveaux termes, nous te ... Read More\" \/>\n<meta property=\"og:url\" content=\"https:\/\/old.swimsa.ch\/fr\/exchanges\/abreviations\/\" \/>\n<meta property=\"og:site_name\" content=\"swimsa\" \/>\n<meta property=\"article:modified_time\" content=\"2021-07-04T16:27:13+00:00\" \/>\n<meta name=\"twitter:card\" content=\"summary_large_image\" \/>\n<meta name=\"twitter:label1\" content=\"Dur\u00e9e de lecture estim\u00e9e\" \/>\n\t<meta name=\"twitter:data1\" content=\"1 minute\" \/>\n<script type=\"application\/ld+json\" class=\"yoast-schema-graph\">{\"@context\":\"https:\\\/\\\/schema.org\",\"@graph\":[{\"@type\":\"WebPage\",\"@id\":\"https:\\\/\\\/old.swimsa.ch\\\/fr\\\/exchanges\\\/abreviations\\\/\",\"url\":\"https:\\\/\\\/old.swimsa.ch\\\/fr\\\/exchanges\\\/abreviations\\\/\",\"name\":\"abr\u00e9viations - swimsa\",\"isPartOf\":{\"@id\":\"https:\\\/\\\/old.swimsa.ch\\\/#website\"},\"datePublished\":\"2021-07-04T16:27:12+00:00\",\"dateModified\":\"2021-07-04T16:27:13+00:00\",\"breadcrumb\":{\"@id\":\"https:\\\/\\\/old.swimsa.ch\\\/fr\\\/exchanges\\\/abreviations\\\/#breadcrumb\"},\"inLanguage\":\"fr-FR\",\"potentialAction\":[{\"@type\":\"ReadAction\",\"target\":[\"https:\\\/\\\/old.swimsa.ch\\\/fr\\\/exchanges\\\/abreviations\\\/\"]}]},{\"@type\":\"BreadcrumbList\",\"@id\":\"https:\\\/\\\/old.swimsa.ch\\\/fr\\\/exchanges\\\/abreviations\\\/#breadcrumb\",\"itemListElement\":[{\"@type\":\"ListItem\",\"position\":1,\"name\":\"Startseite\",\"item\":\"https:\\\/\\\/old.swimsa.ch\\\/fr\\\/\"},{\"@type\":\"ListItem\",\"position\":2,\"name\":\"Exchanges\",\"item\":\"https:\\\/\\\/old.swimsa.ch\\\/fr\\\/exchanges\\\/\"},{\"@type\":\"ListItem\",\"position\":3,\"name\":\"abr\u00e9viations\"}]},{\"@type\":\"WebSite\",\"@id\":\"https:\\\/\\\/old.swimsa.ch\\\/#website\",\"url\":\"https:\\\/\\\/old.swimsa.ch\\\/\",\"name\":\"swimsa\",\"description\":\"Stimme der Medizinstudierenden in der Schweiz\",\"publisher\":{\"@id\":\"https:\\\/\\\/old.swimsa.ch\\\/#organization\"},\"potentialAction\":[{\"@type\":\"SearchAction\",\"target\":{\"@type\":\"EntryPoint\",\"urlTemplate\":\"https:\\\/\\\/old.swimsa.ch\\\/?s={search_term_string}\"},\"query-input\":{\"@type\":\"PropertyValueSpecification\",\"valueRequired\":true,\"valueName\":\"search_term_string\"}}],\"inLanguage\":\"fr-FR\"},{\"@type\":\"Organization\",\"@id\":\"https:\\\/\\\/old.swimsa.ch\\\/#organization\",\"name\":\"swimsa\",\"url\":\"https:\\\/\\\/old.swimsa.ch\\\/\",\"logo\":{\"@type\":\"ImageObject\",\"inLanguage\":\"fr-FR\",\"@id\":\"https:\\\/\\\/old.swimsa.ch\\\/#\\\/schema\\\/logo\\\/image\\\/\",\"url\":\"https:\\\/\\\/old.swimsa.ch\\\/wp-content\\\/uploads\\\/2021\\\/03\\\/Logo_swimsa.svg\",\"contentUrl\":\"https:\\\/\\\/old.swimsa.ch\\\/wp-content\\\/uploads\\\/2021\\\/03\\\/Logo_swimsa.svg\",\"width\":100,\"height\":100,\"caption\":\"swimsa\"},\"image\":{\"@id\":\"https:\\\/\\\/old.swimsa.ch\\\/#\\\/schema\\\/logo\\\/image\\\/\"}}]}<\/script>\n<!-- \/ Yoast SEO plugin. -->","yoast_head_json":{"title":"abr\u00e9viations - swimsa","robots":{"index":"index","follow":"follow","max-snippet":"max-snippet:-1","max-image-preview":"max-image-preview:large","max-video-preview":"max-video-preview:-1"},"canonical":"https:\/\/old.swimsa.ch\/fr\/exchanges\/abreviations\/","og_locale":"fr_FR","og_type":"article","og_title":"abr\u00e9viations - swimsa","og_description":"abr\u00e9viations Dans l&rsquo;IFMSA ainsi que dans les swimsa Exchanges, de nombreuses abr\u00e9viations sont utilis\u00e9es. Pour te faciliter la lecture des nombreux nouveaux termes, nous te ... Read More","og_url":"https:\/\/old.swimsa.ch\/fr\/exchanges\/abreviations\/","og_site_name":"swimsa","article_modified_time":"2021-07-04T16:27:13+00:00","twitter_card":"summary_large_image","twitter_misc":{"Dur\u00e9e de lecture estim\u00e9e":"1 minute"},"schema":{"@context":"https:\/\/schema.org","@graph":[{"@type":"WebPage","@id":"https:\/\/old.swimsa.ch\/fr\/exchanges\/abreviations\/","url":"https:\/\/old.swimsa.ch\/fr\/exchanges\/abreviations\/","name":"abr\u00e9viations - swimsa","isPartOf":{"@id":"https:\/\/old.swimsa.ch\/#website"},"datePublished":"2021-07-04T16:27:12+00:00","dateModified":"2021-07-04T16:27:13+00:00","breadcrumb":{"@id":"https:\/\/old.swimsa.ch\/fr\/exchanges\/abreviations\/#breadcrumb"},"inLanguage":"fr-FR","potentialAction":[{"@type":"ReadAction","target":["https:\/\/old.swimsa.ch\/fr\/exchanges\/abreviations\/"]}]},{"@type":"BreadcrumbList","@id":"https:\/\/old.swimsa.ch\/fr\/exchanges\/abreviations\/#breadcrumb","itemListElement":[{"@type":"ListItem","position":1,"name":"Startseite","item":"https:\/\/old.swimsa.ch\/fr\/"},{"@type":"ListItem","position":2,"name":"Exchanges","item":"https:\/\/old.swimsa.ch\/fr\/exchanges\/"},{"@type":"ListItem","position":3,"name":"abr\u00e9viations"}]},{"@type":"WebSite","@id":"https:\/\/old.swimsa.ch\/#website","url":"https:\/\/old.swimsa.ch\/","name":"swimsa","description":"Stimme der Medizinstudierenden in der Schweiz","publisher":{"@id":"https:\/\/old.swimsa.ch\/#organization"},"potentialAction":[{"@type":"SearchAction","target":{"@type":"EntryPoint","urlTemplate":"https:\/\/old.swimsa.ch\/?s={search_term_string}"},"query-input":{"@type":"PropertyValueSpecification","valueRequired":true,"valueName":"search_term_string"}}],"inLanguage":"fr-FR"},{"@type":"Organization","@id":"https:\/\/old.swimsa.ch\/#organization","name":"swimsa","url":"https:\/\/old.swimsa.ch\/","logo":{"@type":"ImageObject","inLanguage":"fr-FR","@id":"https:\/\/old.swimsa.ch\/#\/schema\/logo\/image\/","url":"https:\/\/old.swimsa.ch\/wp-content\/uploads\/2021\/03\/Logo_swimsa.svg","contentUrl":"https:\/\/old.swimsa.ch\/wp-content\/uploads\/2021\/03\/Logo_swimsa.svg","width":100,"height":100,"caption":"swimsa"},"image":{"@id":"https:\/\/old.swimsa.ch\/#\/schema\/logo\/image\/"}}]}},"featured_image_src":null,"featured_image_src_square":null,"coauthors":[],"author_meta":{"author_link":"https:\/\/old.swimsa.ch\/fr\/author\/websiteswimsa-ch\/","display_name":"Webmaster"},"relative_dates":{"created":"Publi\u00e9 5 ans il y a","modified":"Mis \u00e0 jour 5 ans il y a"},"absolute_dates":{"created":"Publi\u00e9 le 4. juillet 2021","modified":"Mise \u00e0 jour le 4. juillet 2021"},"absolute_dates_time":{"created":"Publi\u00e9 le 4. juillet 2021 18:27","modified":"Mise \u00e0 jour le 4. juillet 2021 18:27"},"featured_img_caption":"","featured_img":false,"series_order":"","_links":{"self":[{"href":"https:\/\/old.swimsa.ch\/fr\/wp-json\/wp\/v2\/pages\/3827","targetHints":{"allow":["GET"]}}],"collection":[{"href":"https:\/\/old.swimsa.ch\/fr\/wp-json\/wp\/v2\/pages"}],"about":[{"href":"https:\/\/old.swimsa.ch\/fr\/wp-json\/wp\/v2\/types\/page"}],"author":[{"embeddable":true,"href":"https:\/\/old.swimsa.ch\/fr\/wp-json\/wp\/v2\/users\/3"}],"replies":[{"embeddable":true,"href":"https:\/\/old.swimsa.ch\/fr\/wp-json\/wp\/v2\/comments?post=3827"}],"version-history":[{"count":1,"href":"https:\/\/old.swimsa.ch\/fr\/wp-json\/wp\/v2\/pages\/3827\/revisions"}],"predecessor-version":[{"id":3828,"href":"https:\/\/old.swimsa.ch\/fr\/wp-json\/wp\/v2\/pages\/3827\/revisions\/3828"}],"up":[{"embeddable":true,"href":"https:\/\/old.swimsa.ch\/fr\/wp-json\/wp\/v2\/pages\/3824"}],"wp:attachment":[{"href":"https:\/\/old.swimsa.ch\/fr\/wp-json\/wp\/v2\/media?parent=3827"}],"curies":[{"name":"wp","href":"https:\/\/api.w.org\/{rel}","templated":true}]}}