{"id":3790,"date":"2021-07-04T15:48:38","date_gmt":"2021-07-04T13:48:38","guid":{"rendered":"https:\/\/swimsa.signalwirkung.ch\/?page_id=3790"},"modified":"2021-10-30T16:53:04","modified_gmt":"2021-10-30T14:53:04","slug":"trainings","status":"publish","type":"page","link":"https:\/\/old.swimsa.ch\/fr\/events\/trainings\/","title":{"rendered":"Trainings"},"content":{"rendered":"<div class=\"gb-container gb-container-4c6dd4be\"><div class=\"gb-inside-container\">\n<div class=\"gb-container gb-container-34b62d67\"><div class=\"gb-inside-container\"><\/div><div class=\"gb-shapes\"><div class=\"gb-shape gb-shape-1\"><svg xmlns=\"http:\/\/www.w3.org\/2000\/svg\" viewBox=\"0 0 1200 100\" preserveAspectRatio=\"none\"><path d=\"M1200 100H0V0l400 77.2L1200 0z\"\/><\/svg><\/div><\/div><\/div>\n\n\n<h1 class=\"gb-headline gb-headline-d1981fcc gb-headline-text\">Trainings<\/h1>\n\n\n\n<p>Les Trainings sont une offre de la swimsa, dans laquelle diverses comp\u00e9tences doivent \u00eatre enseign\u00e9es, qui ne sont pas enseign\u00e9es \u00e0 l&rsquo;universit\u00e9. Ces connaissances devraient \u00eatre utiles pour notre travail dans le cadre de projets et de la swimsa, mais aussi pour notre vie priv\u00e9e et plus tard dans notre vie professionnelle.&nbsp;<\/p>\n\n\n\n<p>Les Trainings font partie de l&rsquo;engagement de l&rsquo;IFMSA (International Federation of Medical Students&rsquo; Associations). Les Trainings sont con\u00e7us pour rendre les comp\u00e9tences et les connaissances accessibles aux \u00e9tudiant.es en m\u00e9decine du monde entier. Ils doivent permettre aux participant.es de mieux remplir leurs t\u00e2ches au sein de l&rsquo;IFMSA\/de la swimsa et de devenir de meilleur.es m\u00e9decins par la suite. Les Trainings suivent le principe de Peer Education, une forme d&rsquo;enseignement dans laquelle les \u00e9tudiant.es en m\u00e9decine eux-m\u00eames dirigent le Training et transmettent leurs connaissances. De nouvelles connaissances sont \u00e9galement d\u00e9velopp\u00e9es avec les participant.es. Tous les Trainers re\u00e7oivent leur formation dans un TNT-Workshop (Training New Trainers).<\/p>\n\n\n\n<p>Les sujets abord\u00e9s lors des Trainings peuvent \u00eatre : la gestion du temps, le leadership personnel, le charisme, la pens\u00e9e cr\u00e9ative, Peer Education, la prise de parole en public, la m\u00e9moire institutionnelle, le recrutement de membres, la communication, la constitution d&rsquo;\u00e9quipes et bien d&rsquo;autres encore.<\/p>\n\n\n\n<p>Les Trainings sont une exp\u00e9rience unique et l&rsquo;enthousiasme de tous.tes les participant.es et Trainers est toujours tr\u00e8s \u00e9lev\u00e9. Tu rencontres de nouvelles personnes inspirantes et passe de bons moments ensemble. Tu am\u00e9liores ta propre personnalit\u00e9, tu acqui\u00e8res des connaissances, tu te forges ta propre opinion sur de nouveaux sujets et tu d\u00e9veloppes des comp\u00e9tences qui te seront utiles tout au long de ta vie, tant sur le plan priv\u00e9 que professionnel.<\/p>\n\n\n\n<div class=\"wp-block-columns is-layout-flex wp-container-core-columns-is-layout-9d6595d7 wp-block-columns-is-layout-flex\">\n<div class=\"wp-block-column is-layout-flow wp-block-column-is-layout-flow\" style=\"flex-basis:100%\"><div class=\"gb-grid-wrapper gb-grid-wrapper-a8a943d0\">\n<div class=\"gb-grid-column gb-grid-column-680906a6\"><div class=\"gb-container gb-container-680906a6\"><div class=\"gb-inside-container\">\n\n<h2 class=\"gb-headline gb-headline-4e3981d7 gb-headline-text\">en ligne<\/h2>\n\n\n\n<p>Pendant le semestre, la swimsa organise toutes les deux semaines, le lundi soir, un Training en ligne de deux heures sur des sujets de base li\u00e9s \u00e0 la Capacity Building. Tu trouveras plus d&rsquo;informations et le calendrier du prochain semestre ici :<\/p>\n\n\n\n<p><em>Informations \u00e0 suivre.<\/em><\/p>\n\n<\/div><\/div><\/div>\n\n<div class=\"gb-grid-column gb-grid-column-fa69f8bd\"><div class=\"gb-container gb-container-fa69f8bd\"><div class=\"gb-inside-container\">\n\n<h2 class=\"gb-headline gb-headline-cb46d500 gb-headline-text\">Trainingsweekend<\/h2>\n\n\n\n<p>Le week-end de Trainings de la swimsa a lieu une fois par an. Tous les \u00e9tudiant.es en m\u00e9decine de Suisse sont invit\u00e9.es. Les participant.es s\u00e9journent ensemble dans un camp isol\u00e9 et suivent diff\u00e9rents Trainings. En g\u00e9n\u00e9ral, les Trainings sont propos\u00e9s en plusieurs volets, c&rsquo;est-\u00e0-dire que diff\u00e9rentes sessions sur un m\u00eame sujet se d\u00e9roulent dans un certain ordre. En plus du travail, il y a bien s\u00fbr beaucoup de plaisir dans le programme. Tu fais la connaissance de nombreuses personnes int\u00e9ressantes et passes un week-end riche en \u00e9v\u00e9nements avec d&rsquo;autres \u00e9tudiant.es en m\u00e9decine.<\/p>\n\n<\/div><\/div><\/div>\n\n<div class=\"gb-grid-column gb-grid-column-878806ef\"><div class=\"gb-container gb-container-878806ef\"><div class=\"gb-inside-container\">\n\n<h2 class=\"gb-headline gb-headline-8f4885eb gb-headline-text\">Trainings internationaux<\/h2>\n\n\n\n<p>L&rsquo;IFMSA et d&rsquo;autres organisations offrent diverses possibilit\u00e9s de formation internationale. Il s&rsquo;agit notamment des formations sous-r\u00e9gionales (SRT), qui sont un excellent moyen d&rsquo;entrer en contact avec des \u00e9tudiants d&rsquo;autres pays et avec l&rsquo;IFMSA. La participation \u00e0 la plupart des Trainings internationaux est soutenue financi\u00e8rement par la swimsa \u00e0 des degr\u00e9s divers.<\/p>\n\n<\/div><\/div><\/div>\n<\/div><\/div>\n<\/div>\n\n\n\n<h2 class=\"gb-headline gb-headline-beda4c00 gb-headline-text\">Trainings section de la swimsa<\/h2>\n\n\n\n<p>Le National Officer for Capacity Building (NOCB) est responsable du d\u00e9partement \u00ab\u00a0Trainings\u00a0\u00bb. Il\/elle organise un Training Weekend une fois par an, de courts Trainings en ligne et sont responsables de la formation et de la coordination des formateurs de la swimsa. Il\/elle leur incombe \u00e9galement de proposer des Trainings lors d&rsquo;autres \u00e9v\u00e9nements de la swimsa, tels que la Swiss Medical Students\u2019 Convention (SMSC), le Starter Weekend de la swimsa et la Presidents\u2019 Meeting. \u00c0 cette fin, ils sont en contact avec tous.tes les coachs suisses, par exemple pour lancer des appels et partager des ressources.<\/p>\n\n\n\n<p>Des Trainings sur toutes sortes de sujets sont organis\u00e9s r\u00e9guli\u00e8rement dans le monde entier. Pour conna\u00eetre les Trainings \u00e0 venir en Suisse ou \u00e0 l&rsquo;\u00e9tranger, contacte le National Officer for Capacity Building (<a href=\"mailto:nocb@swimsa.ch\">nocb@swimsa.ch<\/a>).<\/p>\n\n\n\n<h3 class=\"gb-headline gb-headline-b1c94831 gb-headline-text\">Trainers de la swimsa<\/h3>\n\n\n\n<p>La swimsa dispose de ses propres Trainers form\u00e9s, avec diff\u00e9rents niveaux d&rsquo;exp\u00e9rience, qui peuvent donner des Trainings sur diff\u00e9rents sujets. Les Trainers sont regroup\u00e9s dans un pool de Trainings, qui est g\u00e9r\u00e9 par le NOCB.<\/p>\n\n\n\n<p>Tu es d\u00e9j\u00e0 Trainer et souhaites rejoindre le pool de Trainers ? Envoye donc un courriel \u00e0 nocb@swimsa.ch avec ton CV et ton portfolio de Trainer.<\/p>\n\n\n\n<p>Tu veux devenir toi-m\u00eame Trainer ? Contacte alors le CNOB pour \u00eatre inform\u00e9.e des possibilit\u00e9s de formation des Trainers.<\/p>\n\n\n\n<p>Tu fais partie d&rsquo;un club ou d&rsquo;un projet de la swimsa et souhaite organiser un Training pour tes membres et as besoin d&rsquo;un Trainer ? Envoye un courriel \u00e0 nocb@swimsa.ch avec tes souhaits et tes id\u00e9es concernant le sujet, la dur\u00e9e, le lieu, le nombre de participants et la date.<\/p>\n\n<\/div><\/div>","protected":false},"excerpt":{"rendered":"<p>Trainings Les Trainings sont une offre de la swimsa, dans laquelle diverses comp\u00e9tences doivent \u00eatre enseign\u00e9es, qui ne sont pas enseign\u00e9es \u00e0 l&rsquo;universit\u00e9. Ces connaissances &#8230; <a title=\"Trainings\" class=\"read-more\" href=\"https:\/\/old.swimsa.ch\/fr\/events\/trainings\/\" aria-label=\"Read more about Trainings\">Read More<\/a><\/p>\n","protected":false},"author":3,"featured_media":0,"parent":3590,"menu_order":0,"comment_status":"closed","ping_status":"closed","template":"","meta":{"inline_featured_image":false,"advgb_blocks_editor_width":"","advgb_blocks_columns_visual_guide":"","ghostkit_customizer_options":"","ghostkit_custom_css":"","ghostkit_custom_js_head":"","ghostkit_custom_js_foot":"","ghostkit_typography":"","footnotes":""},"class_list":["post-3790","page","type-page","status-publish"],"yoast_head":"<!-- This site is optimized with the Yoast SEO plugin v27.6 - https:\/\/yoast.com\/product\/yoast-seo-wordpress\/ -->\n<title>Trainings - swimsa<\/title>\n<meta name=\"robots\" content=\"index, follow, max-snippet:-1, max-image-preview:large, max-video-preview:-1\" \/>\n<link rel=\"canonical\" href=\"https:\/\/old.swimsa.ch\/fr\/events\/trainings\/\" \/>\n<meta property=\"og:locale\" content=\"fr_FR\" \/>\n<meta property=\"og:type\" content=\"article\" \/>\n<meta property=\"og:title\" content=\"Trainings - swimsa\" \/>\n<meta property=\"og:description\" content=\"Trainings Les Trainings sont une offre de la swimsa, dans laquelle diverses comp\u00e9tences doivent \u00eatre enseign\u00e9es, qui ne sont pas enseign\u00e9es \u00e0 l&rsquo;universit\u00e9. Ces connaissances ... Read More\" \/>\n<meta property=\"og:url\" content=\"https:\/\/old.swimsa.ch\/fr\/events\/trainings\/\" \/>\n<meta property=\"og:site_name\" content=\"swimsa\" \/>\n<meta property=\"article:modified_time\" content=\"2021-10-30T14:53:04+00:00\" \/>\n<meta name=\"twitter:card\" content=\"summary_large_image\" \/>\n<meta name=\"twitter:label1\" content=\"Dur\u00e9e de lecture estim\u00e9e\" \/>\n\t<meta name=\"twitter:data1\" content=\"4 minutes\" \/>\n<script type=\"application\/ld+json\" class=\"yoast-schema-graph\">{\"@context\":\"https:\\\/\\\/schema.org\",\"@graph\":[{\"@type\":\"WebPage\",\"@id\":\"https:\\\/\\\/old.swimsa.ch\\\/fr\\\/events\\\/trainings\\\/\",\"url\":\"https:\\\/\\\/old.swimsa.ch\\\/fr\\\/events\\\/trainings\\\/\",\"name\":\"Trainings - swimsa\",\"isPartOf\":{\"@id\":\"https:\\\/\\\/old.swimsa.ch\\\/#website\"},\"datePublished\":\"2021-07-04T13:48:38+00:00\",\"dateModified\":\"2021-10-30T14:53:04+00:00\",\"breadcrumb\":{\"@id\":\"https:\\\/\\\/old.swimsa.ch\\\/fr\\\/events\\\/trainings\\\/#breadcrumb\"},\"inLanguage\":\"fr-FR\",\"potentialAction\":[{\"@type\":\"ReadAction\",\"target\":[\"https:\\\/\\\/old.swimsa.ch\\\/fr\\\/events\\\/trainings\\\/\"]}]},{\"@type\":\"BreadcrumbList\",\"@id\":\"https:\\\/\\\/old.swimsa.ch\\\/fr\\\/events\\\/trainings\\\/#breadcrumb\",\"itemListElement\":[{\"@type\":\"ListItem\",\"position\":1,\"name\":\"Startseite\",\"item\":\"https:\\\/\\\/old.swimsa.ch\\\/fr\\\/\"},{\"@type\":\"ListItem\",\"position\":2,\"name\":\"\u00c9v\u00e9nements\",\"item\":\"https:\\\/\\\/old.swimsa.ch\\\/fr\\\/events\\\/\"},{\"@type\":\"ListItem\",\"position\":3,\"name\":\"Trainings\"}]},{\"@type\":\"WebSite\",\"@id\":\"https:\\\/\\\/old.swimsa.ch\\\/#website\",\"url\":\"https:\\\/\\\/old.swimsa.ch\\\/\",\"name\":\"swimsa\",\"description\":\"Stimme der Medizinstudierenden in der Schweiz\",\"publisher\":{\"@id\":\"https:\\\/\\\/old.swimsa.ch\\\/#organization\"},\"potentialAction\":[{\"@type\":\"SearchAction\",\"target\":{\"@type\":\"EntryPoint\",\"urlTemplate\":\"https:\\\/\\\/old.swimsa.ch\\\/?s={search_term_string}\"},\"query-input\":{\"@type\":\"PropertyValueSpecification\",\"valueRequired\":true,\"valueName\":\"search_term_string\"}}],\"inLanguage\":\"fr-FR\"},{\"@type\":\"Organization\",\"@id\":\"https:\\\/\\\/old.swimsa.ch\\\/#organization\",\"name\":\"swimsa\",\"url\":\"https:\\\/\\\/old.swimsa.ch\\\/\",\"logo\":{\"@type\":\"ImageObject\",\"inLanguage\":\"fr-FR\",\"@id\":\"https:\\\/\\\/old.swimsa.ch\\\/#\\\/schema\\\/logo\\\/image\\\/\",\"url\":\"https:\\\/\\\/old.swimsa.ch\\\/wp-content\\\/uploads\\\/2021\\\/03\\\/Logo_swimsa.svg\",\"contentUrl\":\"https:\\\/\\\/old.swimsa.ch\\\/wp-content\\\/uploads\\\/2021\\\/03\\\/Logo_swimsa.svg\",\"width\":100,\"height\":100,\"caption\":\"swimsa\"},\"image\":{\"@id\":\"https:\\\/\\\/old.swimsa.ch\\\/#\\\/schema\\\/logo\\\/image\\\/\"}}]}<\/script>\n<!-- \/ Yoast SEO plugin. -->","yoast_head_json":{"title":"Trainings - swimsa","robots":{"index":"index","follow":"follow","max-snippet":"max-snippet:-1","max-image-preview":"max-image-preview:large","max-video-preview":"max-video-preview:-1"},"canonical":"https:\/\/old.swimsa.ch\/fr\/events\/trainings\/","og_locale":"fr_FR","og_type":"article","og_title":"Trainings - swimsa","og_description":"Trainings Les Trainings sont une offre de la swimsa, dans laquelle diverses comp\u00e9tences doivent \u00eatre enseign\u00e9es, qui ne sont pas enseign\u00e9es \u00e0 l&rsquo;universit\u00e9. Ces connaissances ... Read More","og_url":"https:\/\/old.swimsa.ch\/fr\/events\/trainings\/","og_site_name":"swimsa","article_modified_time":"2021-10-30T14:53:04+00:00","twitter_card":"summary_large_image","twitter_misc":{"Dur\u00e9e de lecture estim\u00e9e":"4 minutes"},"schema":{"@context":"https:\/\/schema.org","@graph":[{"@type":"WebPage","@id":"https:\/\/old.swimsa.ch\/fr\/events\/trainings\/","url":"https:\/\/old.swimsa.ch\/fr\/events\/trainings\/","name":"Trainings - swimsa","isPartOf":{"@id":"https:\/\/old.swimsa.ch\/#website"},"datePublished":"2021-07-04T13:48:38+00:00","dateModified":"2021-10-30T14:53:04+00:00","breadcrumb":{"@id":"https:\/\/old.swimsa.ch\/fr\/events\/trainings\/#breadcrumb"},"inLanguage":"fr-FR","potentialAction":[{"@type":"ReadAction","target":["https:\/\/old.swimsa.ch\/fr\/events\/trainings\/"]}]},{"@type":"BreadcrumbList","@id":"https:\/\/old.swimsa.ch\/fr\/events\/trainings\/#breadcrumb","itemListElement":[{"@type":"ListItem","position":1,"name":"Startseite","item":"https:\/\/old.swimsa.ch\/fr\/"},{"@type":"ListItem","position":2,"name":"\u00c9v\u00e9nements","item":"https:\/\/old.swimsa.ch\/fr\/events\/"},{"@type":"ListItem","position":3,"name":"Trainings"}]},{"@type":"WebSite","@id":"https:\/\/old.swimsa.ch\/#website","url":"https:\/\/old.swimsa.ch\/","name":"swimsa","description":"Stimme der Medizinstudierenden in der Schweiz","publisher":{"@id":"https:\/\/old.swimsa.ch\/#organization"},"potentialAction":[{"@type":"SearchAction","target":{"@type":"EntryPoint","urlTemplate":"https:\/\/old.swimsa.ch\/?s={search_term_string}"},"query-input":{"@type":"PropertyValueSpecification","valueRequired":true,"valueName":"search_term_string"}}],"inLanguage":"fr-FR"},{"@type":"Organization","@id":"https:\/\/old.swimsa.ch\/#organization","name":"swimsa","url":"https:\/\/old.swimsa.ch\/","logo":{"@type":"ImageObject","inLanguage":"fr-FR","@id":"https:\/\/old.swimsa.ch\/#\/schema\/logo\/image\/","url":"https:\/\/old.swimsa.ch\/wp-content\/uploads\/2021\/03\/Logo_swimsa.svg","contentUrl":"https:\/\/old.swimsa.ch\/wp-content\/uploads\/2021\/03\/Logo_swimsa.svg","width":100,"height":100,"caption":"swimsa"},"image":{"@id":"https:\/\/old.swimsa.ch\/#\/schema\/logo\/image\/"}}]}},"featured_image_src":null,"featured_image_src_square":null,"coauthors":[],"author_meta":{"author_link":"https:\/\/old.swimsa.ch\/fr\/author\/websiteswimsa-ch\/","display_name":"Webmaster"},"relative_dates":{"created":"Publi\u00e9 5 ans il y a","modified":"Mis \u00e0 jour 5 ans il y a"},"absolute_dates":{"created":"Publi\u00e9 le 4. juillet 2021","modified":"Mise \u00e0 jour le 30. octobre 2021"},"absolute_dates_time":{"created":"Publi\u00e9 le 4. juillet 2021 15:48","modified":"Mise \u00e0 jour le 30. octobre 2021 16:53"},"featured_img_caption":"","featured_img":false,"series_order":"","_links":{"self":[{"href":"https:\/\/old.swimsa.ch\/fr\/wp-json\/wp\/v2\/pages\/3790","targetHints":{"allow":["GET"]}}],"collection":[{"href":"https:\/\/old.swimsa.ch\/fr\/wp-json\/wp\/v2\/pages"}],"about":[{"href":"https:\/\/old.swimsa.ch\/fr\/wp-json\/wp\/v2\/types\/page"}],"author":[{"embeddable":true,"href":"https:\/\/old.swimsa.ch\/fr\/wp-json\/wp\/v2\/users\/3"}],"replies":[{"embeddable":true,"href":"https:\/\/old.swimsa.ch\/fr\/wp-json\/wp\/v2\/comments?post=3790"}],"version-history":[{"count":8,"href":"https:\/\/old.swimsa.ch\/fr\/wp-json\/wp\/v2\/pages\/3790\/revisions"}],"predecessor-version":[{"id":4537,"href":"https:\/\/old.swimsa.ch\/fr\/wp-json\/wp\/v2\/pages\/3790\/revisions\/4537"}],"up":[{"embeddable":true,"href":"https:\/\/old.swimsa.ch\/fr\/wp-json\/wp\/v2\/pages\/3590"}],"wp:attachment":[{"href":"https:\/\/old.swimsa.ch\/fr\/wp-json\/wp\/v2\/media?parent=3790"}],"curies":[{"name":"wp","href":"https:\/\/api.w.org\/{rel}","templated":true}]}}