{"id":3594,"date":"2021-07-01T17:34:15","date_gmt":"2021-07-01T15:34:15","guid":{"rendered":"https:\/\/swimsa.signalwirkung.ch\/?page_id=3594"},"modified":"2023-05-01T00:32:00","modified_gmt":"2023-04-30T22:32:00","slug":"smsc","status":"publish","type":"page","link":"https:\/\/old.swimsa.ch\/fr\/events\/smsc\/","title":{"rendered":"SMSC"},"content":{"rendered":"<div class=\"gb-container gb-container-4c6dd4be\"><div class=\"gb-inside-container\">\n<div class=\"gb-container gb-container-2a8fdf3c alignfull advgb-dyn-d41d8cd9\"><div class=\"gb-shapes\"><div class=\"gb-shape gb-shape-1\"><svg xmlns=\"http:\/\/www.w3.org\/2000\/svg\" viewBox=\"0 0 1200 100\" preserveAspectRatio=\"none\"><path d=\"M1200 100H0V0l400 77.2L1200 0z\"\/><\/svg><\/div><\/div><\/div>\n\n\n<h1 class=\"gb-headline gb-headline-b98cc6a7 gb-headline-text\">Swiss Medical Students\u2019 Convention<\/h1>\n\n\n\n<p>La Swiss Medical Students\u2019 Convention (SMSC)\u00a0est un congr\u00e8s national qui a lieu deux fois par an depuis 2007. C&rsquo;est un \u00e9v\u00e8nement phare de la swimsa. Chaque semestre, il est organis\u00e9\u00a0par une facult\u00e9 de m\u00e9decine diff\u00e9rente selon une rotation \u00e9tablie. Il a eu lieu pour la premi\u00e8re fois en 2005 et swimsa compte d\u00e9sormais plus de 30 \u00e9ditions \u00e0 son actif. <\/p>\n\n\n\n<p>La SMSC s&rsquo;adresse \u00e0 tout-e-s les \u00e9tudiant\u00b7e\u00b7s en m\u00e9decine de Suisse, de la premi\u00e8re \u00e0 la sixi\u00e8me ann\u00e9e. Elle a pour but d&rsquo;\u00e9largir les horizons de ses participants et de&nbsp;montrer que les \u00e9tudes de m\u00e9decine ne se limitent pas simplement \u00e0 la th\u00e9orie et aux&nbsp;examens.<\/p>\n\n\n\n<p>Le congr\u00e8s pr\u00e9sente g\u00e9n\u00e9ralement des sujets peu abord\u00e9s&nbsp;dans les \u00e9tude de m\u00e9decine&nbsp;ou concern\u00e9 par des mises \u00e0 jours&nbsp;r\u00e9centes. Ses diff\u00e9rents th\u00e8mes sont abord\u00e9s lors de conf\u00e9rences, d&rsquo;ateliers et de d\u00e9bats. <\/p>\n\n\n\n<p>En parall\u00e8le du programme acad\u00e9mique, les <a href=\"https:\/\/swimsa.ch\/fr\/membres\/membres-associes\/\">membres associ\u00e9s<\/a> de swimsa\u00a0ont \u00e9galement l&rsquo;opportunit\u00e9 de pr\u00e9senter leurs activit\u00e9s afin\u00a0d&rsquo;inspirer leurs paires venus de toute la Suisse. Cet \u00e9v\u00e8nement permets ainsi de renforcer la coh\u00e9sion nationale entre \u00e9tudiant\u00b7e\u00b7s, les encourageant \u00e0 braver les barri\u00e8res culturelles et\/ou linguistiques qui les s\u00e9parent le temps d&rsquo;un weekend. <\/p>\n\n\n\n<h3 class=\"gb-headline gb-headline-9f3f6290 gb-headline-text\">R\u00e9partitions des places<\/h3>\n\n\n\n<p>Afin de garantir la diversit\u00e9 au sein de chaque \u00e9dition, les places disponibles (250 minimum) sont r\u00e9parties selon un syst\u00e8me pr\u00e9-\u00e9tabli:<\/p>\n\n\n\n<ul class=\"wp-block-list\">\n<li>45 % des places sont r\u00e9parties \u00e9quitablement entre les <a href=\"https:\/\/swimsa.ch\/fr\/membres\/\">associations membres<\/a> de swimsa (~16 places par facult\u00e9, ~8 si leur cursus n&rsquo;est que de 3 ans, ~3 s&rsquo;il n&rsquo;y a qu&rsquo;une seule ann\u00e9e de formation).<\/li>\n\n\n\n<li>45% des places sont r\u00e9parties proportionnellement au nombre d&rsquo;\u00e9tudiant\u00b7e\u00b7s.<\/li>\n\n\n\n<li>10% des places sont attribu\u00e9s \u00e0 l&rsquo;h\u00f4te du congr\u00e8s.<\/li>\n<\/ul>\n\n\n\n<p> Chaque SMSC est une occasion unique d\u2019apprendre, d&rsquo;\u00e9changer, d&rsquo;\u00eatre inspir\u00e9\u00b7e, de rencontrer de nouvelles personnes et de se cr\u00e9er un r\u00e9seau. C&rsquo;est aussi le r\u00e9sultat d&rsquo;une ann\u00e9e enti\u00e8re d&rsquo;organisation, de pr\u00e9paration et d&rsquo;engagement de la part d&rsquo;une association, d&rsquo;un comit\u00e9 d&rsquo;organisation et de tous leurs b\u00e9n\u00e9voles.<\/p>\n\n\n<div class=\"gb-container gb-container-a4100a3b\">\n\n<a class=\"gb-button gb-button-21c103df gb-button-text\" href=\"https:\/\/swimsa.ch\/fr\/events\/smsc\/histoire\/\">Les \u00e9ditions pr\u00e9c\u00e9dentes<\/a>\n\n\n\n<a class=\"gb-button gb-button-e8e6f184 gb-button-text\" href=\"https:\/\/swimsa.ch\/fr\/events\/smsc\/nachste-smsc\/\">La prochaine SMSC !<\/a>\n\n<\/div>\n<\/div><\/div>","protected":false},"excerpt":{"rendered":"<p>Swiss Medical Students\u2019 Convention La Swiss Medical Students\u2019 Convention (SMSC)\u00a0est un congr\u00e8s national qui a lieu deux fois par an depuis 2007. C&rsquo;est un \u00e9v\u00e8nement &#8230; <a title=\"SMSC\" class=\"read-more\" href=\"https:\/\/old.swimsa.ch\/fr\/events\/smsc\/\" aria-label=\"Read more about SMSC\">Read More<\/a><\/p>\n","protected":false},"author":3,"featured_media":0,"parent":3590,"menu_order":0,"comment_status":"closed","ping_status":"closed","template":"","meta":{"inline_featured_image":false,"advgb_blocks_editor_width":"","advgb_blocks_columns_visual_guide":"","ghostkit_customizer_options":"","ghostkit_custom_css":"","ghostkit_custom_js_head":"","ghostkit_custom_js_foot":"","ghostkit_typography":"","footnotes":""},"class_list":["post-3594","page","type-page","status-publish"],"yoast_head":"<!-- This site is optimized with the Yoast SEO plugin v27.6 - https:\/\/yoast.com\/product\/yoast-seo-wordpress\/ -->\n<title>SMSC - swimsa<\/title>\n<meta name=\"description\" content=\"La Swiss Medical Students\u2019 Convention (SMSC)\u00a0est un congr\u00e8s national qui s&#039;adresse \u00e0 tout-e-s les \u00e9tudiant\u00b7e\u00b7s en m\u00e9decine de Suisse.\" \/>\n<meta name=\"robots\" content=\"index, follow, max-snippet:-1, max-image-preview:large, max-video-preview:-1\" \/>\n<link rel=\"canonical\" href=\"https:\/\/old.swimsa.ch\/fr\/events\/smsc\/\" \/>\n<meta property=\"og:locale\" content=\"fr_FR\" \/>\n<meta property=\"og:type\" content=\"article\" \/>\n<meta property=\"og:title\" content=\"SMSC - swimsa\" \/>\n<meta property=\"og:description\" content=\"La Swiss Medical Students\u2019 Convention (SMSC)\u00a0est un congr\u00e8s national qui s&#039;adresse \u00e0 tout-e-s les \u00e9tudiant\u00b7e\u00b7s en m\u00e9decine de Suisse.\" \/>\n<meta property=\"og:url\" content=\"https:\/\/old.swimsa.ch\/fr\/events\/smsc\/\" \/>\n<meta property=\"og:site_name\" content=\"swimsa\" \/>\n<meta property=\"article:modified_time\" content=\"2023-04-30T22:32:00+00:00\" \/>\n<meta name=\"twitter:card\" content=\"summary_large_image\" \/>\n<meta name=\"twitter:label1\" content=\"Dur\u00e9e de lecture estim\u00e9e\" \/>\n\t<meta name=\"twitter:data1\" content=\"2 minutes\" \/>\n<script type=\"application\/ld+json\" class=\"yoast-schema-graph\">{\"@context\":\"https:\\\/\\\/schema.org\",\"@graph\":[{\"@type\":\"WebPage\",\"@id\":\"https:\\\/\\\/old.swimsa.ch\\\/fr\\\/events\\\/smsc\\\/\",\"url\":\"https:\\\/\\\/old.swimsa.ch\\\/fr\\\/events\\\/smsc\\\/\",\"name\":\"SMSC - swimsa\",\"isPartOf\":{\"@id\":\"https:\\\/\\\/old.swimsa.ch\\\/#website\"},\"datePublished\":\"2021-07-01T15:34:15+00:00\",\"dateModified\":\"2023-04-30T22:32:00+00:00\",\"description\":\"La Swiss Medical Students\u2019 Convention (SMSC)\u00a0est un congr\u00e8s national qui s'adresse \u00e0 tout-e-s les \u00e9tudiant\u00b7e\u00b7s en m\u00e9decine de Suisse.\",\"breadcrumb\":{\"@id\":\"https:\\\/\\\/old.swimsa.ch\\\/fr\\\/events\\\/smsc\\\/#breadcrumb\"},\"inLanguage\":\"fr-FR\",\"potentialAction\":[{\"@type\":\"ReadAction\",\"target\":[\"https:\\\/\\\/old.swimsa.ch\\\/fr\\\/events\\\/smsc\\\/\"]}]},{\"@type\":\"BreadcrumbList\",\"@id\":\"https:\\\/\\\/old.swimsa.ch\\\/fr\\\/events\\\/smsc\\\/#breadcrumb\",\"itemListElement\":[{\"@type\":\"ListItem\",\"position\":1,\"name\":\"Startseite\",\"item\":\"https:\\\/\\\/old.swimsa.ch\\\/fr\\\/\"},{\"@type\":\"ListItem\",\"position\":2,\"name\":\"\u00c9v\u00e9nements\",\"item\":\"https:\\\/\\\/old.swimsa.ch\\\/fr\\\/events\\\/\"},{\"@type\":\"ListItem\",\"position\":3,\"name\":\"SMSC\"}]},{\"@type\":\"WebSite\",\"@id\":\"https:\\\/\\\/old.swimsa.ch\\\/#website\",\"url\":\"https:\\\/\\\/old.swimsa.ch\\\/\",\"name\":\"swimsa\",\"description\":\"Stimme der Medizinstudierenden in der Schweiz\",\"publisher\":{\"@id\":\"https:\\\/\\\/old.swimsa.ch\\\/#organization\"},\"potentialAction\":[{\"@type\":\"SearchAction\",\"target\":{\"@type\":\"EntryPoint\",\"urlTemplate\":\"https:\\\/\\\/old.swimsa.ch\\\/?s={search_term_string}\"},\"query-input\":{\"@type\":\"PropertyValueSpecification\",\"valueRequired\":true,\"valueName\":\"search_term_string\"}}],\"inLanguage\":\"fr-FR\"},{\"@type\":\"Organization\",\"@id\":\"https:\\\/\\\/old.swimsa.ch\\\/#organization\",\"name\":\"swimsa\",\"url\":\"https:\\\/\\\/old.swimsa.ch\\\/\",\"logo\":{\"@type\":\"ImageObject\",\"inLanguage\":\"fr-FR\",\"@id\":\"https:\\\/\\\/old.swimsa.ch\\\/#\\\/schema\\\/logo\\\/image\\\/\",\"url\":\"https:\\\/\\\/old.swimsa.ch\\\/wp-content\\\/uploads\\\/2021\\\/03\\\/Logo_swimsa.svg\",\"contentUrl\":\"https:\\\/\\\/old.swimsa.ch\\\/wp-content\\\/uploads\\\/2021\\\/03\\\/Logo_swimsa.svg\",\"width\":100,\"height\":100,\"caption\":\"swimsa\"},\"image\":{\"@id\":\"https:\\\/\\\/old.swimsa.ch\\\/#\\\/schema\\\/logo\\\/image\\\/\"}}]}<\/script>\n<!-- \/ Yoast SEO plugin. -->","yoast_head_json":{"title":"SMSC - swimsa","description":"La Swiss Medical Students\u2019 Convention (SMSC)\u00a0est un congr\u00e8s national qui s'adresse \u00e0 tout-e-s les \u00e9tudiant\u00b7e\u00b7s en m\u00e9decine de Suisse.","robots":{"index":"index","follow":"follow","max-snippet":"max-snippet:-1","max-image-preview":"max-image-preview:large","max-video-preview":"max-video-preview:-1"},"canonical":"https:\/\/old.swimsa.ch\/fr\/events\/smsc\/","og_locale":"fr_FR","og_type":"article","og_title":"SMSC - swimsa","og_description":"La Swiss Medical Students\u2019 Convention (SMSC)\u00a0est un congr\u00e8s national qui s'adresse \u00e0 tout-e-s les \u00e9tudiant\u00b7e\u00b7s en m\u00e9decine de Suisse.","og_url":"https:\/\/old.swimsa.ch\/fr\/events\/smsc\/","og_site_name":"swimsa","article_modified_time":"2023-04-30T22:32:00+00:00","twitter_card":"summary_large_image","twitter_misc":{"Dur\u00e9e de lecture estim\u00e9e":"2 minutes"},"schema":{"@context":"https:\/\/schema.org","@graph":[{"@type":"WebPage","@id":"https:\/\/old.swimsa.ch\/fr\/events\/smsc\/","url":"https:\/\/old.swimsa.ch\/fr\/events\/smsc\/","name":"SMSC - swimsa","isPartOf":{"@id":"https:\/\/old.swimsa.ch\/#website"},"datePublished":"2021-07-01T15:34:15+00:00","dateModified":"2023-04-30T22:32:00+00:00","description":"La Swiss Medical Students\u2019 Convention (SMSC)\u00a0est un congr\u00e8s national qui s'adresse \u00e0 tout-e-s les \u00e9tudiant\u00b7e\u00b7s en m\u00e9decine de Suisse.","breadcrumb":{"@id":"https:\/\/old.swimsa.ch\/fr\/events\/smsc\/#breadcrumb"},"inLanguage":"fr-FR","potentialAction":[{"@type":"ReadAction","target":["https:\/\/old.swimsa.ch\/fr\/events\/smsc\/"]}]},{"@type":"BreadcrumbList","@id":"https:\/\/old.swimsa.ch\/fr\/events\/smsc\/#breadcrumb","itemListElement":[{"@type":"ListItem","position":1,"name":"Startseite","item":"https:\/\/old.swimsa.ch\/fr\/"},{"@type":"ListItem","position":2,"name":"\u00c9v\u00e9nements","item":"https:\/\/old.swimsa.ch\/fr\/events\/"},{"@type":"ListItem","position":3,"name":"SMSC"}]},{"@type":"WebSite","@id":"https:\/\/old.swimsa.ch\/#website","url":"https:\/\/old.swimsa.ch\/","name":"swimsa","description":"Stimme der Medizinstudierenden in der Schweiz","publisher":{"@id":"https:\/\/old.swimsa.ch\/#organization"},"potentialAction":[{"@type":"SearchAction","target":{"@type":"EntryPoint","urlTemplate":"https:\/\/old.swimsa.ch\/?s={search_term_string}"},"query-input":{"@type":"PropertyValueSpecification","valueRequired":true,"valueName":"search_term_string"}}],"inLanguage":"fr-FR"},{"@type":"Organization","@id":"https:\/\/old.swimsa.ch\/#organization","name":"swimsa","url":"https:\/\/old.swimsa.ch\/","logo":{"@type":"ImageObject","inLanguage":"fr-FR","@id":"https:\/\/old.swimsa.ch\/#\/schema\/logo\/image\/","url":"https:\/\/old.swimsa.ch\/wp-content\/uploads\/2021\/03\/Logo_swimsa.svg","contentUrl":"https:\/\/old.swimsa.ch\/wp-content\/uploads\/2021\/03\/Logo_swimsa.svg","width":100,"height":100,"caption":"swimsa"},"image":{"@id":"https:\/\/old.swimsa.ch\/#\/schema\/logo\/image\/"}}]}},"featured_image_src":null,"featured_image_src_square":null,"coauthors":[],"author_meta":{"author_link":"https:\/\/old.swimsa.ch\/fr\/author\/websiteswimsa-ch\/","display_name":"Webmaster"},"relative_dates":{"created":"Publi\u00e9 5 ans il y a","modified":"Mis \u00e0 jour 3 ans il y a"},"absolute_dates":{"created":"Publi\u00e9 le 1. juillet 2021","modified":"Mise \u00e0 jour le 1. mai 2023"},"absolute_dates_time":{"created":"Publi\u00e9 le 1. juillet 2021 17:34","modified":"Mise \u00e0 jour le 1. mai 2023 0:32"},"featured_img_caption":"","featured_img":false,"series_order":"","_links":{"self":[{"href":"https:\/\/old.swimsa.ch\/fr\/wp-json\/wp\/v2\/pages\/3594","targetHints":{"allow":["GET"]}}],"collection":[{"href":"https:\/\/old.swimsa.ch\/fr\/wp-json\/wp\/v2\/pages"}],"about":[{"href":"https:\/\/old.swimsa.ch\/fr\/wp-json\/wp\/v2\/types\/page"}],"author":[{"embeddable":true,"href":"https:\/\/old.swimsa.ch\/fr\/wp-json\/wp\/v2\/users\/3"}],"replies":[{"embeddable":true,"href":"https:\/\/old.swimsa.ch\/fr\/wp-json\/wp\/v2\/comments?post=3594"}],"version-history":[{"count":4,"href":"https:\/\/old.swimsa.ch\/fr\/wp-json\/wp\/v2\/pages\/3594\/revisions"}],"predecessor-version":[{"id":6728,"href":"https:\/\/old.swimsa.ch\/fr\/wp-json\/wp\/v2\/pages\/3594\/revisions\/6728"}],"up":[{"embeddable":true,"href":"https:\/\/old.swimsa.ch\/fr\/wp-json\/wp\/v2\/pages\/3590"}],"wp:attachment":[{"href":"https:\/\/old.swimsa.ch\/fr\/wp-json\/wp\/v2\/media?parent=3594"}],"curies":[{"name":"wp","href":"https:\/\/api.w.org\/{rel}","templated":true}]}}