{"id":3590,"date":"2021-03-25T11:26:20","date_gmt":"2021-03-25T10:26:20","guid":{"rendered":"https:\/\/swimsa.signalwirkung.ch\/?page_id=3590"},"modified":"2022-01-08T18:03:20","modified_gmt":"2022-01-08T17:03:20","slug":"events","status":"publish","type":"page","link":"https:\/\/old.swimsa.ch\/fr\/events\/","title":{"rendered":"\u00c9v\u00e9nements"},"content":{"rendered":"<div class=\"gb-container gb-container-4c6dd4be\"><div class=\"gb-inside-container\">\n<div class=\"gb-container gb-container-c1f1455e alignfull\"><div class=\"gb-inside-container\"><\/div><div class=\"gb-shapes\"><div class=\"gb-shape gb-shape-1\"><svg xmlns=\"http:\/\/www.w3.org\/2000\/svg\" viewBox=\"0 0 1200 100\" preserveAspectRatio=\"none\"><path d=\"M1200 100H0V0l400 77.2L1200 0z\"\/><\/svg><\/div><\/div><\/div>\n\n\n<h1 class=\"gb-headline gb-headline-51c81965 gb-headline-text\">\u00c9v\u00e9nements<\/h1>\n\n\n\n<p>La swimsa organise de nombreux \u00e9v\u00e9nements nationaux diff\u00e9rents tout au long de l&rsquo;ann\u00e9e. Il s&rsquo;agit notamment des SMSCs (Swiss Medical Students&rsquo; Convention) qui ont lieu deux fois par an, des Training Weekends et bien d&rsquo;autres choses encore. Il est \u00e9galement possible de participer \u00e0 des congr\u00e8s internationaux.<\/p>\n\n\n\n<h2 class=\"gb-headline gb-headline-401b3846 gb-headline-text\">Les prochains \u00e9v\u00e9nements<\/h2>\n\n\n\n<ul class=\"is-style-icon ghostkit-custom-hrNgq wp-block-list\"><li>1. &#8211; 7. Mars 2022 | IFMSA March Meeting 2022 \u00e0 Mac\u00e9donie du Nord<\/li><li>8. &#8211; 10. Aprile 2022 | SMSC \u00e0 Lugano<\/li><li>18. &#8211; 21. Aprile 2022 | IFMSA European Regional Meeting \u00e0 Portugal<\/li><li>14. Mai 2022 | DV\/AD \u00e0 B\u00e2le<\/li><li>1. &#8211; 7. \u00e2out 2022 | IFMSA August Meeting 2022<\/li><li>5. Novembre 2022 | <a href=\"https:\/\/vsao.ch\/medifuture-de\/\">MEDIfuture<\/a><\/li><\/ul>\n\n\n\n<p><\/p>\n\n\n<div class=\"gb-grid-wrapper gb-grid-wrapper-72595620\">\n<div class=\"gb-grid-column gb-grid-column-745eaec7\"><div class=\"gb-container gb-container-745eaec7\"><div class=\"gb-inside-container\">\n\n<h2 class=\"gb-headline gb-headline-656e4255 gb-headline-text\">SMSC<\/h2>\n\n\n\n<p>La Swiss Medical Students\u2019 Convention (SMSC)&nbsp;est le congr\u00e8s biannuel et national de la swimsa. Il s&rsquo;adresse \u00e0 tout-e-s les \u00e9tudiant\u00b7e\u00b7s en m\u00e9decine de Suisse. Le congr\u00e8s pr\u00e9sente g\u00e9n\u00e9ralement des sujets peu abord\u00e9s&nbsp;dans les \u00e9tude de m\u00e9decine&nbsp;ou concern\u00e9 par des mises \u00e0 jours&nbsp;r\u00e9centes&nbsp;lors de conf\u00e9rences, d&rsquo;ateliers et de d\u00e9bats.&nbsp;<\/p>\n\n\n\n<div class=\"wp-block-buttons is-layout-flex wp-block-buttons-is-layout-flex\">\n<div class=\"wp-block-button\"><a class=\"wp-block-button__link\">\u00e0 SMSC<\/a><\/div>\n<\/div>\n\n<\/div><\/div><\/div>\n\n<div class=\"gb-grid-column gb-grid-column-9b6d2ccf\"><div class=\"gb-container gb-container-9b6d2ccf\"><div class=\"gb-inside-container\">\n\n<h2 class=\"gb-headline gb-headline-270a8081 gb-headline-text\">Trainings<\/h2>\n\n\n\n<p>Les Trainings sont une offre de la swimsa, dans laquelle diverses comp\u00e9tences doivent \u00eatre enseign\u00e9es, qui ne sont pas enseign\u00e9es \u00e0 l&rsquo;universit\u00e9. Ces connaissances devraient \u00eatre utiles pour notre travail dans le cadre de projets et de la swimsa, mais aussi pour notre vie priv\u00e9e et plus tard dans notre vie professionnelle. La swimsa organise des week-ends d&rsquo;entra\u00eenement ainsi que des \u00e9v\u00e9nements en ligne.<\/p>\n\n\n\n<div class=\"wp-block-buttons is-layout-flex wp-block-buttons-is-layout-flex\">\n<div class=\"wp-block-button\"><a class=\"wp-block-button__link\" href=\"https:\/\/swimsa.ch\/fr\/events\/trainings\/\">\u00e0 l&rsquo;offre de trainings<\/a><\/div>\n<\/div>\n\n<\/div><\/div><\/div>\n\n<div class=\"gb-grid-column gb-grid-column-27db4aaa\"><div class=\"gb-container gb-container-27db4aaa\"><div class=\"gb-inside-container\">\n\n<h2 class=\"gb-headline gb-headline-f57bdb19 gb-headline-text\">Internationale Events<\/h2>\n\n\n\n<p>La swimsa est l&rsquo;un des membres fondateurs de l\u2019International Federation of Medical Students\u2019 Associations (IFMSA), qui a \u00e9t\u00e9 cr\u00e9\u00e9e en 1951 et est depuis lors la plus grande organisation dirig\u00e9e par des \u00e9tudiant- es. Trois fois par an, les \u00e9tudiants de Suisse ont la possibilit\u00e9 de participer \u00e0 un congr\u00e8s de l&rsquo;IFMSA.<\/p>\n\n\n\n<div class=\"wp-block-buttons is-layout-flex wp-block-buttons-is-layout-flex\">\n<div class=\"wp-block-button\"><a class=\"wp-block-button__link\">aux \u00e9v\u00e9nements internationaux<\/a><\/div>\n<\/div>\n\n<\/div><\/div><\/div>\n\n<div class=\"gb-grid-column gb-grid-column-239e6eaf\"><div class=\"gb-container gb-container-239e6eaf\"><div class=\"gb-inside-container\">\n\n<h2 class=\"gb-headline gb-headline-fc532353 gb-headline-text\">MEDIfuture<\/h2>\n\n\n\n<p>MEDIfuture est un congr\u00e8s annuel sur les carri\u00e8res organis\u00e9 par mediservice-vsao\/asmac. En tant qu&rsquo;\u00e9v\u00e9nement de mise en r\u00e9seau, il offre aux participant.es la possibilit\u00e9 d&rsquo;obtenir des informations et de nouer des contacts sur des questions li\u00e9es \u00e0 la planification et aux options de carri\u00e8re. L&rsquo;\u00e9v\u00e9nement se d\u00e9roule g\u00e9n\u00e9ralement au stade du Wankdorf \u00e0 Berne.<\/p>\n\n\n\n<div class=\"wp-block-buttons is-layout-flex wp-block-buttons-is-layout-flex\">\n<div class=\"wp-block-button\"><a class=\"wp-block-button__link\">\u00e0 MEDIfuture<\/a><\/div>\n<\/div>\n\n<\/div><\/div><\/div>\n<\/div>\n<\/div><\/div>\n\n\n<p><\/p>\n","protected":false},"excerpt":{"rendered":"<p>\u00c9v\u00e9nements La swimsa organise de nombreux \u00e9v\u00e9nements nationaux diff\u00e9rents tout au long de l&rsquo;ann\u00e9e. Il s&rsquo;agit notamment des SMSCs (Swiss Medical Students&rsquo; Convention) qui ont &#8230; <a title=\"\u00c9v\u00e9nements\" class=\"read-more\" href=\"https:\/\/old.swimsa.ch\/fr\/events\/\" aria-label=\"Read more about \u00c9v\u00e9nements\">Read More<\/a><\/p>\n","protected":false},"author":1,"featured_media":0,"parent":0,"menu_order":0,"comment_status":"closed","ping_status":"closed","template":"","meta":{"inline_featured_image":false,"advgb_blocks_editor_width":"","advgb_blocks_columns_visual_guide":"","ghostkit_customizer_options":"","ghostkit_custom_css":"","ghostkit_custom_js_head":"","ghostkit_custom_js_foot":"","ghostkit_typography":"","footnotes":""},"class_list":["post-3590","page","type-page","status-publish"],"yoast_head":"<!-- This site is optimized with the Yoast SEO plugin v27.6 - https:\/\/yoast.com\/product\/yoast-seo-wordpress\/ -->\n<title>\u00c9v\u00e9nements - swimsa<\/title>\n<meta name=\"robots\" content=\"index, follow, max-snippet:-1, max-image-preview:large, max-video-preview:-1\" \/>\n<link rel=\"canonical\" href=\"https:\/\/old.swimsa.ch\/fr\/events\/\" \/>\n<meta property=\"og:locale\" content=\"fr_FR\" \/>\n<meta property=\"og:type\" content=\"article\" \/>\n<meta property=\"og:title\" content=\"\u00c9v\u00e9nements - swimsa\" \/>\n<meta property=\"og:description\" content=\"\u00c9v\u00e9nements La swimsa organise de nombreux \u00e9v\u00e9nements nationaux diff\u00e9rents tout au long de l&rsquo;ann\u00e9e. Il s&rsquo;agit notamment des SMSCs (Swiss Medical Students&rsquo; Convention) qui ont ... Read More\" \/>\n<meta property=\"og:url\" content=\"https:\/\/old.swimsa.ch\/fr\/events\/\" \/>\n<meta property=\"og:site_name\" content=\"swimsa\" \/>\n<meta property=\"article:modified_time\" content=\"2022-01-08T17:03:20+00:00\" \/>\n<meta name=\"twitter:card\" content=\"summary_large_image\" \/>\n<meta name=\"twitter:label1\" content=\"Dur\u00e9e de lecture estim\u00e9e\" \/>\n\t<meta name=\"twitter:data1\" content=\"2 minutes\" \/>\n<script type=\"application\/ld+json\" class=\"yoast-schema-graph\">{\"@context\":\"https:\\\/\\\/schema.org\",\"@graph\":[{\"@type\":\"WebPage\",\"@id\":\"https:\\\/\\\/old.swimsa.ch\\\/fr\\\/events\\\/\",\"url\":\"https:\\\/\\\/old.swimsa.ch\\\/fr\\\/events\\\/\",\"name\":\"\u00c9v\u00e9nements - swimsa\",\"isPartOf\":{\"@id\":\"https:\\\/\\\/old.swimsa.ch\\\/#website\"},\"datePublished\":\"2021-03-25T10:26:20+00:00\",\"dateModified\":\"2022-01-08T17:03:20+00:00\",\"breadcrumb\":{\"@id\":\"https:\\\/\\\/old.swimsa.ch\\\/fr\\\/events\\\/#breadcrumb\"},\"inLanguage\":\"fr-FR\",\"potentialAction\":[{\"@type\":\"ReadAction\",\"target\":[\"https:\\\/\\\/old.swimsa.ch\\\/fr\\\/events\\\/\"]}]},{\"@type\":\"BreadcrumbList\",\"@id\":\"https:\\\/\\\/old.swimsa.ch\\\/fr\\\/events\\\/#breadcrumb\",\"itemListElement\":[{\"@type\":\"ListItem\",\"position\":1,\"name\":\"Startseite\",\"item\":\"https:\\\/\\\/old.swimsa.ch\\\/fr\\\/\"},{\"@type\":\"ListItem\",\"position\":2,\"name\":\"\u00c9v\u00e9nements\"}]},{\"@type\":\"WebSite\",\"@id\":\"https:\\\/\\\/old.swimsa.ch\\\/#website\",\"url\":\"https:\\\/\\\/old.swimsa.ch\\\/\",\"name\":\"swimsa\",\"description\":\"Stimme der Medizinstudierenden in der Schweiz\",\"publisher\":{\"@id\":\"https:\\\/\\\/old.swimsa.ch\\\/#organization\"},\"potentialAction\":[{\"@type\":\"SearchAction\",\"target\":{\"@type\":\"EntryPoint\",\"urlTemplate\":\"https:\\\/\\\/old.swimsa.ch\\\/?s={search_term_string}\"},\"query-input\":{\"@type\":\"PropertyValueSpecification\",\"valueRequired\":true,\"valueName\":\"search_term_string\"}}],\"inLanguage\":\"fr-FR\"},{\"@type\":\"Organization\",\"@id\":\"https:\\\/\\\/old.swimsa.ch\\\/#organization\",\"name\":\"swimsa\",\"url\":\"https:\\\/\\\/old.swimsa.ch\\\/\",\"logo\":{\"@type\":\"ImageObject\",\"inLanguage\":\"fr-FR\",\"@id\":\"https:\\\/\\\/old.swimsa.ch\\\/#\\\/schema\\\/logo\\\/image\\\/\",\"url\":\"https:\\\/\\\/old.swimsa.ch\\\/wp-content\\\/uploads\\\/2021\\\/03\\\/Logo_swimsa.svg\",\"contentUrl\":\"https:\\\/\\\/old.swimsa.ch\\\/wp-content\\\/uploads\\\/2021\\\/03\\\/Logo_swimsa.svg\",\"width\":100,\"height\":100,\"caption\":\"swimsa\"},\"image\":{\"@id\":\"https:\\\/\\\/old.swimsa.ch\\\/#\\\/schema\\\/logo\\\/image\\\/\"}}]}<\/script>\n<!-- \/ Yoast SEO plugin. -->","yoast_head_json":{"title":"\u00c9v\u00e9nements - swimsa","robots":{"index":"index","follow":"follow","max-snippet":"max-snippet:-1","max-image-preview":"max-image-preview:large","max-video-preview":"max-video-preview:-1"},"canonical":"https:\/\/old.swimsa.ch\/fr\/events\/","og_locale":"fr_FR","og_type":"article","og_title":"\u00c9v\u00e9nements - swimsa","og_description":"\u00c9v\u00e9nements La swimsa organise de nombreux \u00e9v\u00e9nements nationaux diff\u00e9rents tout au long de l&rsquo;ann\u00e9e. Il s&rsquo;agit notamment des SMSCs (Swiss Medical Students&rsquo; Convention) qui ont ... Read More","og_url":"https:\/\/old.swimsa.ch\/fr\/events\/","og_site_name":"swimsa","article_modified_time":"2022-01-08T17:03:20+00:00","twitter_card":"summary_large_image","twitter_misc":{"Dur\u00e9e de lecture estim\u00e9e":"2 minutes"},"schema":{"@context":"https:\/\/schema.org","@graph":[{"@type":"WebPage","@id":"https:\/\/old.swimsa.ch\/fr\/events\/","url":"https:\/\/old.swimsa.ch\/fr\/events\/","name":"\u00c9v\u00e9nements - swimsa","isPartOf":{"@id":"https:\/\/old.swimsa.ch\/#website"},"datePublished":"2021-03-25T10:26:20+00:00","dateModified":"2022-01-08T17:03:20+00:00","breadcrumb":{"@id":"https:\/\/old.swimsa.ch\/fr\/events\/#breadcrumb"},"inLanguage":"fr-FR","potentialAction":[{"@type":"ReadAction","target":["https:\/\/old.swimsa.ch\/fr\/events\/"]}]},{"@type":"BreadcrumbList","@id":"https:\/\/old.swimsa.ch\/fr\/events\/#breadcrumb","itemListElement":[{"@type":"ListItem","position":1,"name":"Startseite","item":"https:\/\/old.swimsa.ch\/fr\/"},{"@type":"ListItem","position":2,"name":"\u00c9v\u00e9nements"}]},{"@type":"WebSite","@id":"https:\/\/old.swimsa.ch\/#website","url":"https:\/\/old.swimsa.ch\/","name":"swimsa","description":"Stimme der Medizinstudierenden in der Schweiz","publisher":{"@id":"https:\/\/old.swimsa.ch\/#organization"},"potentialAction":[{"@type":"SearchAction","target":{"@type":"EntryPoint","urlTemplate":"https:\/\/old.swimsa.ch\/?s={search_term_string}"},"query-input":{"@type":"PropertyValueSpecification","valueRequired":true,"valueName":"search_term_string"}}],"inLanguage":"fr-FR"},{"@type":"Organization","@id":"https:\/\/old.swimsa.ch\/#organization","name":"swimsa","url":"https:\/\/old.swimsa.ch\/","logo":{"@type":"ImageObject","inLanguage":"fr-FR","@id":"https:\/\/old.swimsa.ch\/#\/schema\/logo\/image\/","url":"https:\/\/old.swimsa.ch\/wp-content\/uploads\/2021\/03\/Logo_swimsa.svg","contentUrl":"https:\/\/old.swimsa.ch\/wp-content\/uploads\/2021\/03\/Logo_swimsa.svg","width":100,"height":100,"caption":"swimsa"},"image":{"@id":"https:\/\/old.swimsa.ch\/#\/schema\/logo\/image\/"}}]}},"featured_image_src":null,"featured_image_src_square":null,"coauthors":[],"author_meta":{"author_link":"https:\/\/old.swimsa.ch\/fr\/author\/m-hoernlimannmichaelh-ch\/","display_name":"Michael Sutter"},"relative_dates":{"created":"Publi\u00e9 5 ans il y a","modified":"Mis \u00e0 jour 4 ans il y a"},"absolute_dates":{"created":"Publi\u00e9 le 25. mars 2021","modified":"Mise \u00e0 jour le 8. janvier 2022"},"absolute_dates_time":{"created":"Publi\u00e9 le 25. mars 2021 11:26","modified":"Mise \u00e0 jour le 8. janvier 2022 18:03"},"featured_img_caption":"","featured_img":false,"series_order":"","_links":{"self":[{"href":"https:\/\/old.swimsa.ch\/fr\/wp-json\/wp\/v2\/pages\/3590","targetHints":{"allow":["GET"]}}],"collection":[{"href":"https:\/\/old.swimsa.ch\/fr\/wp-json\/wp\/v2\/pages"}],"about":[{"href":"https:\/\/old.swimsa.ch\/fr\/wp-json\/wp\/v2\/types\/page"}],"author":[{"embeddable":true,"href":"https:\/\/old.swimsa.ch\/fr\/wp-json\/wp\/v2\/users\/1"}],"replies":[{"embeddable":true,"href":"https:\/\/old.swimsa.ch\/fr\/wp-json\/wp\/v2\/comments?post=3590"}],"version-history":[{"count":7,"href":"https:\/\/old.swimsa.ch\/fr\/wp-json\/wp\/v2\/pages\/3590\/revisions"}],"predecessor-version":[{"id":6505,"href":"https:\/\/old.swimsa.ch\/fr\/wp-json\/wp\/v2\/pages\/3590\/revisions\/6505"}],"wp:attachment":[{"href":"https:\/\/old.swimsa.ch\/fr\/wp-json\/wp\/v2\/media?parent=3590"}],"curies":[{"name":"wp","href":"https:\/\/api.w.org\/{rel}","templated":true}]}}