{"id":3577,"date":"2021-05-06T10:58:15","date_gmt":"2021-05-06T08:58:15","guid":{"rendered":"https:\/\/swimsa.signalwirkung.ch\/?page_id=3577"},"modified":"2021-07-04T17:51:17","modified_gmt":"2021-07-04T15:51:17","slug":"international","status":"publish","type":"page","link":"https:\/\/old.swimsa.ch\/fr\/events\/international\/","title":{"rendered":"International"},"content":{"rendered":"<div class=\"gb-container gb-container-1d6e3249\"><div class=\"gb-inside-container\">\n<div class=\"gb-container gb-container-ec552967 alignfull\"><div class=\"gb-inside-container\"><\/div><div class=\"gb-shapes\"><div class=\"gb-shape gb-shape-1\"><svg xmlns=\"http:\/\/www.w3.org\/2000\/svg\" viewBox=\"0 0 1200 100\" preserveAspectRatio=\"none\"><path d=\"M1200 100H0V0l400 77.2L1200 0z\"\/><\/svg><\/div><\/div><\/div>\n\n\n<h2 class=\"gb-headline gb-headline-e5244e32 gb-headline-text\">International Federation of Medical Students` Associations<\/h2>\n\n\n<div class=\"gb-grid-wrapper gb-grid-wrapper-6693432f\">\n<div class=\"gb-grid-column gb-grid-column-acf2ab12\"><div class=\"gb-container gb-container-acf2ab12\"><div class=\"gb-inside-container\">\n\n<figure class=\"wp-block-image\"><img decoding=\"async\" src=\"https:\/\/swimsa.ch\/wp-content\/uploads\/2021\/03\/Logo_IFMSA.png\" alt=\"Dieses Bild hat ein leeres Alt-Attribut. Der Dateiname ist Logo_IFMSA.png\"\/><\/figure>\n\n\n\n<div style=\"height:30px\" aria-hidden=\"true\" class=\"wp-block-spacer\"><\/div>\n\n\n\n<iframe loading=\"lazy\" width=\"560\" height=\"315\" src=\"https:\/\/www.youtube.com\/embed\/8XRsGAjq5vc\" title=\"YouTube video player\" frameborder=\"0\" allow=\"accelerometer; autoplay; clipboard-write; encrypted-media; gyroscope; picture-in-picture\" allowfullscreen=\"\"><\/iframe>\n\n<\/div><\/div><\/div>\n\n<div class=\"gb-grid-column gb-grid-column-73c8377f\"><div class=\"gb-container gb-container-73c8377f\"><div class=\"gb-inside-container\">\n\n<p>La swimsa est l&rsquo;un des membres fondateurs de l\u2019International Federation of Medical Students\u2019 Associations (IFMSA), qui a \u00e9t\u00e9 cr\u00e9\u00e9e en 1951 et est depuis lors la plus grande organisation dirig\u00e9e par des \u00e9tudiant.es. L&rsquo;IFMSA, avec ses plus de 140 organisations nationales membres (NMOs), repr\u00e9sente plus de 1,3 million d&rsquo;\u00e9tudiant.es en m\u00e9decine du monde entier. L&rsquo;IFMSA participe \u00e0 plusieurs organismes internationaux tels que l&rsquo;OMS, l&rsquo;ONU et l&rsquo;AMM.<\/p>\n\n\n\n<p>Par le biais de l&rsquo;IFMSA en tant qu&rsquo;organisation fa\u00eeti\u00e8re, les swimsa Exchanges permettent aux \u00e9tudiant.es d&rsquo;effectuer un \u00e9change clinique en h\u00f4pital ou un \u00e9change de recherche. En outre, les quatre autres Standing Committees de l&rsquo;IFMSA offrent \u00e0 nos membres dans les domaines de la Public Health, Sexualand Reproductive Health and Rights incl. le VIH et le SIDA, Human Rights and Peace, ainsi que de Medical Education, la possibilit\u00e9 d&rsquo;\u00e9changer des exp\u00e9riences et des sujets avec des \u00e9tudiant.es du monde entier.<\/p>\n\n<\/div><\/div><\/div>\n<\/div>\n<\/div><\/div>\n\n<div class=\"gb-container gb-container-4c6dd4be\"><div class=\"gb-inside-container\">\n\n<div class=\"wp-block-columns is-layout-flex wp-container-core-columns-is-layout-9d6595d7 wp-block-columns-is-layout-flex\">\n<div class=\"wp-block-column is-layout-flow wp-block-column-is-layout-flow\" style=\"flex-basis:100%\">\n<div class=\"ghostkit-grid ghostkit-grid-gap-md\"><div class=\"ghostkit-grid-inner\">\n<div class=\"ghostkit-col\"><div class=\"ghostkit-col-content is-layout-flow wp-block-grid-column-is-layout-flow\"><div class=\"gb-grid-wrapper gb-grid-wrapper-3c1d8a2c\">\n<div class=\"gb-grid-column gb-grid-column-e7cff573\"><div class=\"gb-container gb-container-e7cff573\"><div class=\"gb-inside-container\">\n\n<h2 class=\"gb-headline gb-headline-b9c1f137 gb-headline-text\">General Assembly<\/h2>\n\n\n\n<p>Deux fois par an, 800 \u00e0 1\u2019000 \u00e9tudiant-es en m\u00e9decine de plus de 100 pays se r\u00e9unissent pour l&rsquo;Assembl\u00e9e g\u00e9n\u00e9rale (GA) de l&rsquo;IFMSA, qui se d\u00e9roule pendant six jours la premi\u00e8re semaine de mars et d&rsquo;ao\u00fbt. Lors de cet \u00e9v\u00e9nement, les \u00e9tudiant-es ont l&rsquo;occasion d&rsquo;\u00e9changer des id\u00e9es sur divers sujets lors des sessions des Standing Committees.<\/p>\n\n\n\n<div class=\"wp-block-buttons is-layout-flex wp-block-buttons-is-layout-flex\">\n<div class=\"wp-block-button\"><a class=\"wp-block-button__link\" href=\"https:\/\/swimsa.ch\/fr\/events\/international\/general-assembly\/\">\u00e0 General Assemblies<\/a><\/div>\n<\/div>\n\n<\/div><\/div><\/div>\n\n<div class=\"gb-grid-column gb-grid-column-22b07ce9\"><div class=\"gb-container gb-container-22b07ce9\"><div class=\"gb-inside-container\">\n\n<h2 class=\"gb-headline gb-headline-658f08dd gb-headline-text\">European Regional Meeting<\/h2>\n\n\n\n<p>Les membres de la r\u00e9gion europ\u00e9enne se r\u00e9unissent une fois par an pour la European Regional Meeting de quatre jours (EuRegMe), qui a g\u00e9n\u00e9ralement lieu en avril. Lors de cet \u00e9v\u00e9nement, 300 \u00e0 500 \u00e9tudiant-es en m\u00e9decine d&rsquo;Europe se r\u00e9unissent. Les \u00e9tudiant-es ont l&rsquo;occasion d&rsquo;\u00e9changer des id\u00e9es sur divers sujets.<\/p>\n\n\n\n<div class=\"wp-block-buttons is-layout-flex wp-block-buttons-is-layout-flex\">\n<div class=\"wp-block-button\"><a class=\"wp-block-button__link\" href=\"https:\/\/swimsa.ch\/fr\/events\/international\/euregme\/\">\u00e0 European Regional Meeting<\/a><\/div>\n<\/div>\n\n<\/div><\/div><\/div>\n\n<div class=\"gb-grid-column gb-grid-column-d1ba3b9a\"><div class=\"gb-container gb-container-d1ba3b9a\"><div class=\"gb-inside-container\">\n\n<div class=\"wp-block-buttons is-layout-flex wp-block-buttons-is-layout-flex\"><\/div>\n\n<\/div><\/div><\/div>\n<\/div><\/div><\/div>\n\n\n\n<div class=\"ghostkit-col ghostkit-col-3\"><div class=\"ghostkit-col-content is-layout-flow wp-block-grid-column-is-layout-flow\">\n<h2 class=\"gb-headline gb-headline-13b557d2 gb-headline-text\">T\u00e9moignages<\/h2>\n\n\n\n<p>Veux-tu savoir ce que les d\u00e9l\u00e9gu\u00e9.es d&rsquo;une EuRegMe ou d&rsquo;une assembl\u00e9e g\u00e9n\u00e9rale disent de leur exp\u00e9rience ? Alors cette page est faite pour toi.<\/p>\n\n\n\n<div class=\"wp-block-buttons is-layout-flex wp-block-buttons-is-layout-flex\">\n<div class=\"wp-block-button\"><a class=\"wp-block-button__link\" href=\"https:\/\/swimsa.ch\/fr\/events\/international\/temoignages\/\">\u00e0 t\u00e9moignages<\/a><\/div>\n<\/div>\n<\/div><\/div>\n<\/div><\/div>\n<\/div>\n<\/div>\n\n\n\n<h2 class=\"gb-headline gb-headline-06c6acfb gb-headline-text\">Comment puis-je m&rsquo;inscrire \u00e0 un \u00e9v\u00e9nement ?<\/h2>\n\n\n\n<p>Les proc\u00e9dures de candidature pour la d\u00e9l\u00e9gation des \u00e9v\u00e9nements respectifs sont standardis\u00e9es dans la swimsa et fix\u00e9es dans notre r\u00e8glement. Les demandes sont faites \u00e0 l&rsquo;aide du formulaire de demande sur le site web de la swimsa et sont coordonn\u00e9es par le\/la vice-pr\u00e9sident-e aux affaires globales.<\/p>\n\n\n\n<p><em><em>Les p\u00e9riodes indiqu\u00e9es sont indicatives et peuvent varier.<\/em><\/em><\/p>\n\n\n<div class=\"gb-grid-wrapper gb-grid-wrapper-19dea5b4\">\n<div class=\"gb-grid-column gb-grid-column-5a44c1c6\"><div class=\"gb-container gb-container-5a44c1c6\"><div class=\"gb-inside-container\">\n\n<h3 class=\"gb-headline gb-headline-50b36c5c gb-headline-text\">Quoi<\/h3>\n\n\n\n<p class=\"has-luminous-vivid-amber-background-color has-background\">D\u00e9lai pour la candidature<\/p>\n\n\n\n<p class=\"has-light-green-cyan-background-color has-background\">Confirmation de la candidature<\/p>\n\n\n\n<p class=\"has-pale-cyan-blue-background-color has-background\">preDeparture Meeting obligatoire<\/p>\n\n<\/div><\/div><\/div>\n\n<div class=\"gb-grid-column gb-grid-column-57e8c429\"><div class=\"gb-container gb-container-57e8c429\"><div class=\"gb-inside-container\">\n\n<h3 class=\"gb-headline gb-headline-dd8f5907 gb-headline-text\">March Meeting<\/h3>\n\n\n\n<p class=\"has-background\" style=\"background-color:#f7da8c\">octobre<\/p>\n\n\n\n<p class=\"has-background\" style=\"background-color:#c5e6d9\">mi-novembre<\/p>\n\n\n\n<p class=\"has-background\" style=\"background-color:#bee6ff\">fin janvier<\/p>\n\n<\/div><\/div><\/div>\n\n<div class=\"gb-grid-column gb-grid-column-b668c55f\"><div class=\"gb-container gb-container-b668c55f\"><div class=\"gb-inside-container\">\n\n<h3 class=\"gb-headline gb-headline-bb45e403 gb-headline-text\">EuRegMe<\/h3>\n\n\n\n<p class=\"has-background\" style=\"background-color:#f7da8c\">d\u00e9cembre<\/p>\n\n\n\n<p class=\"has-background\" style=\"background-color:#c5e6d9\">d\u00e9but janvier<\/p>\n\n\n\n<p class=\"has-background\" style=\"background-color:#bee6ff\">mi-mars<\/p>\n\n<\/div><\/div><\/div>\n\n<div class=\"gb-grid-column gb-grid-column-9f3fc948\"><div class=\"gb-container gb-container-9f3fc948\"><div class=\"gb-inside-container\">\n\n<h3 class=\"gb-headline gb-headline-f4143ec3 gb-headline-text\">August Meeting<\/h3>\n\n\n\n<p class=\"has-background\" style=\"background-color:#f7da8c\">Avril<\/p>\n\n\n\n<p class=\"has-background\" style=\"background-color:#c5e6d9\">mi-mai<\/p>\n\n\n\n<p class=\"has-background\" style=\"background-color:#bee6ff\">fin juin<\/p>\n\n<\/div><\/div><\/div>\n<\/div>\n<\/div><\/div>\n\n\n<p><\/p>\n","protected":false},"excerpt":{"rendered":"<p>International Federation of Medical Students` Associations T\u00e9moignages Veux-tu savoir ce que les d\u00e9l\u00e9gu\u00e9.es d&rsquo;une EuRegMe ou d&rsquo;une assembl\u00e9e g\u00e9n\u00e9rale disent de leur exp\u00e9rience ? Alors &#8230; <a title=\"International\" class=\"read-more\" href=\"https:\/\/old.swimsa.ch\/fr\/events\/international\/\" aria-label=\"Read more about International\">Read More<\/a><\/p>\n","protected":false},"author":1,"featured_media":0,"parent":3590,"menu_order":0,"comment_status":"closed","ping_status":"closed","template":"","meta":{"inline_featured_image":false,"advgb_blocks_editor_width":"","advgb_blocks_columns_visual_guide":"","ghostkit_customizer_options":"","ghostkit_custom_css":"","ghostkit_custom_js_head":"","ghostkit_custom_js_foot":"","ghostkit_typography":"","footnotes":""},"class_list":["post-3577","page","type-page","status-publish"],"yoast_head":"<!-- This site is optimized with the Yoast SEO plugin v27.6 - https:\/\/yoast.com\/product\/yoast-seo-wordpress\/ -->\n<title>International - swimsa<\/title>\n<meta name=\"robots\" content=\"index, follow, max-snippet:-1, max-image-preview:large, max-video-preview:-1\" \/>\n<link rel=\"canonical\" href=\"https:\/\/old.swimsa.ch\/fr\/events\/international\/\" \/>\n<meta property=\"og:locale\" content=\"fr_FR\" \/>\n<meta property=\"og:type\" content=\"article\" \/>\n<meta property=\"og:title\" content=\"International - swimsa\" \/>\n<meta property=\"og:description\" content=\"International Federation of Medical Students` Associations T\u00e9moignages Veux-tu savoir ce que les d\u00e9l\u00e9gu\u00e9.es d&rsquo;une EuRegMe ou d&rsquo;une assembl\u00e9e g\u00e9n\u00e9rale disent de leur exp\u00e9rience ? Alors ... Read More\" \/>\n<meta property=\"og:url\" content=\"https:\/\/old.swimsa.ch\/fr\/events\/international\/\" \/>\n<meta property=\"og:site_name\" content=\"swimsa\" \/>\n<meta property=\"article:modified_time\" content=\"2021-07-04T15:51:17+00:00\" \/>\n<meta property=\"og:image\" content=\"https:\/\/swimsa.ch\/wp-content\/uploads\/2021\/03\/Logo_IFMSA.png\" \/>\n<meta name=\"twitter:card\" content=\"summary_large_image\" \/>\n<meta name=\"twitter:label1\" content=\"Dur\u00e9e de lecture estim\u00e9e\" \/>\n\t<meta name=\"twitter:data1\" content=\"2 minutes\" \/>\n<script type=\"application\/ld+json\" class=\"yoast-schema-graph\">{\"@context\":\"https:\\\/\\\/schema.org\",\"@graph\":[{\"@type\":\"WebPage\",\"@id\":\"https:\\\/\\\/old.swimsa.ch\\\/fr\\\/events\\\/international\\\/\",\"url\":\"https:\\\/\\\/old.swimsa.ch\\\/fr\\\/events\\\/international\\\/\",\"name\":\"International - swimsa\",\"isPartOf\":{\"@id\":\"https:\\\/\\\/old.swimsa.ch\\\/#website\"},\"primaryImageOfPage\":{\"@id\":\"https:\\\/\\\/old.swimsa.ch\\\/fr\\\/events\\\/international\\\/#primaryimage\"},\"image\":{\"@id\":\"https:\\\/\\\/old.swimsa.ch\\\/fr\\\/events\\\/international\\\/#primaryimage\"},\"thumbnailUrl\":\"https:\\\/\\\/swimsa.ch\\\/wp-content\\\/uploads\\\/2021\\\/03\\\/Logo_IFMSA.png\",\"datePublished\":\"2021-05-06T08:58:15+00:00\",\"dateModified\":\"2021-07-04T15:51:17+00:00\",\"breadcrumb\":{\"@id\":\"https:\\\/\\\/old.swimsa.ch\\\/fr\\\/events\\\/international\\\/#breadcrumb\"},\"inLanguage\":\"fr-FR\",\"potentialAction\":[{\"@type\":\"ReadAction\",\"target\":[\"https:\\\/\\\/old.swimsa.ch\\\/fr\\\/events\\\/international\\\/\"]}]},{\"@type\":\"ImageObject\",\"inLanguage\":\"fr-FR\",\"@id\":\"https:\\\/\\\/old.swimsa.ch\\\/fr\\\/events\\\/international\\\/#primaryimage\",\"url\":\"https:\\\/\\\/swimsa.ch\\\/wp-content\\\/uploads\\\/2021\\\/03\\\/Logo_IFMSA.png\",\"contentUrl\":\"https:\\\/\\\/swimsa.ch\\\/wp-content\\\/uploads\\\/2021\\\/03\\\/Logo_IFMSA.png\"},{\"@type\":\"BreadcrumbList\",\"@id\":\"https:\\\/\\\/old.swimsa.ch\\\/fr\\\/events\\\/international\\\/#breadcrumb\",\"itemListElement\":[{\"@type\":\"ListItem\",\"position\":1,\"name\":\"Startseite\",\"item\":\"https:\\\/\\\/old.swimsa.ch\\\/fr\\\/\"},{\"@type\":\"ListItem\",\"position\":2,\"name\":\"\u00c9v\u00e9nements\",\"item\":\"https:\\\/\\\/old.swimsa.ch\\\/fr\\\/events\\\/\"},{\"@type\":\"ListItem\",\"position\":3,\"name\":\"International\"}]},{\"@type\":\"WebSite\",\"@id\":\"https:\\\/\\\/old.swimsa.ch\\\/#website\",\"url\":\"https:\\\/\\\/old.swimsa.ch\\\/\",\"name\":\"swimsa\",\"description\":\"Stimme der Medizinstudierenden in der Schweiz\",\"publisher\":{\"@id\":\"https:\\\/\\\/old.swimsa.ch\\\/#organization\"},\"potentialAction\":[{\"@type\":\"SearchAction\",\"target\":{\"@type\":\"EntryPoint\",\"urlTemplate\":\"https:\\\/\\\/old.swimsa.ch\\\/?s={search_term_string}\"},\"query-input\":{\"@type\":\"PropertyValueSpecification\",\"valueRequired\":true,\"valueName\":\"search_term_string\"}}],\"inLanguage\":\"fr-FR\"},{\"@type\":\"Organization\",\"@id\":\"https:\\\/\\\/old.swimsa.ch\\\/#organization\",\"name\":\"swimsa\",\"url\":\"https:\\\/\\\/old.swimsa.ch\\\/\",\"logo\":{\"@type\":\"ImageObject\",\"inLanguage\":\"fr-FR\",\"@id\":\"https:\\\/\\\/old.swimsa.ch\\\/#\\\/schema\\\/logo\\\/image\\\/\",\"url\":\"https:\\\/\\\/old.swimsa.ch\\\/wp-content\\\/uploads\\\/2021\\\/03\\\/Logo_swimsa.svg\",\"contentUrl\":\"https:\\\/\\\/old.swimsa.ch\\\/wp-content\\\/uploads\\\/2021\\\/03\\\/Logo_swimsa.svg\",\"width\":100,\"height\":100,\"caption\":\"swimsa\"},\"image\":{\"@id\":\"https:\\\/\\\/old.swimsa.ch\\\/#\\\/schema\\\/logo\\\/image\\\/\"}}]}<\/script>\n<!-- \/ Yoast SEO plugin. -->","yoast_head_json":{"title":"International - swimsa","robots":{"index":"index","follow":"follow","max-snippet":"max-snippet:-1","max-image-preview":"max-image-preview:large","max-video-preview":"max-video-preview:-1"},"canonical":"https:\/\/old.swimsa.ch\/fr\/events\/international\/","og_locale":"fr_FR","og_type":"article","og_title":"International - swimsa","og_description":"International Federation of Medical Students` Associations T\u00e9moignages Veux-tu savoir ce que les d\u00e9l\u00e9gu\u00e9.es d&rsquo;une EuRegMe ou d&rsquo;une assembl\u00e9e g\u00e9n\u00e9rale disent de leur exp\u00e9rience ? Alors ... Read More","og_url":"https:\/\/old.swimsa.ch\/fr\/events\/international\/","og_site_name":"swimsa","article_modified_time":"2021-07-04T15:51:17+00:00","og_image":[{"url":"https:\/\/swimsa.ch\/wp-content\/uploads\/2021\/03\/Logo_IFMSA.png","type":"","width":"","height":""}],"twitter_card":"summary_large_image","twitter_misc":{"Dur\u00e9e de lecture estim\u00e9e":"2 minutes"},"schema":{"@context":"https:\/\/schema.org","@graph":[{"@type":"WebPage","@id":"https:\/\/old.swimsa.ch\/fr\/events\/international\/","url":"https:\/\/old.swimsa.ch\/fr\/events\/international\/","name":"International - swimsa","isPartOf":{"@id":"https:\/\/old.swimsa.ch\/#website"},"primaryImageOfPage":{"@id":"https:\/\/old.swimsa.ch\/fr\/events\/international\/#primaryimage"},"image":{"@id":"https:\/\/old.swimsa.ch\/fr\/events\/international\/#primaryimage"},"thumbnailUrl":"https:\/\/swimsa.ch\/wp-content\/uploads\/2021\/03\/Logo_IFMSA.png","datePublished":"2021-05-06T08:58:15+00:00","dateModified":"2021-07-04T15:51:17+00:00","breadcrumb":{"@id":"https:\/\/old.swimsa.ch\/fr\/events\/international\/#breadcrumb"},"inLanguage":"fr-FR","potentialAction":[{"@type":"ReadAction","target":["https:\/\/old.swimsa.ch\/fr\/events\/international\/"]}]},{"@type":"ImageObject","inLanguage":"fr-FR","@id":"https:\/\/old.swimsa.ch\/fr\/events\/international\/#primaryimage","url":"https:\/\/swimsa.ch\/wp-content\/uploads\/2021\/03\/Logo_IFMSA.png","contentUrl":"https:\/\/swimsa.ch\/wp-content\/uploads\/2021\/03\/Logo_IFMSA.png"},{"@type":"BreadcrumbList","@id":"https:\/\/old.swimsa.ch\/fr\/events\/international\/#breadcrumb","itemListElement":[{"@type":"ListItem","position":1,"name":"Startseite","item":"https:\/\/old.swimsa.ch\/fr\/"},{"@type":"ListItem","position":2,"name":"\u00c9v\u00e9nements","item":"https:\/\/old.swimsa.ch\/fr\/events\/"},{"@type":"ListItem","position":3,"name":"International"}]},{"@type":"WebSite","@id":"https:\/\/old.swimsa.ch\/#website","url":"https:\/\/old.swimsa.ch\/","name":"swimsa","description":"Stimme der Medizinstudierenden in der Schweiz","publisher":{"@id":"https:\/\/old.swimsa.ch\/#organization"},"potentialAction":[{"@type":"SearchAction","target":{"@type":"EntryPoint","urlTemplate":"https:\/\/old.swimsa.ch\/?s={search_term_string}"},"query-input":{"@type":"PropertyValueSpecification","valueRequired":true,"valueName":"search_term_string"}}],"inLanguage":"fr-FR"},{"@type":"Organization","@id":"https:\/\/old.swimsa.ch\/#organization","name":"swimsa","url":"https:\/\/old.swimsa.ch\/","logo":{"@type":"ImageObject","inLanguage":"fr-FR","@id":"https:\/\/old.swimsa.ch\/#\/schema\/logo\/image\/","url":"https:\/\/old.swimsa.ch\/wp-content\/uploads\/2021\/03\/Logo_swimsa.svg","contentUrl":"https:\/\/old.swimsa.ch\/wp-content\/uploads\/2021\/03\/Logo_swimsa.svg","width":100,"height":100,"caption":"swimsa"},"image":{"@id":"https:\/\/old.swimsa.ch\/#\/schema\/logo\/image\/"}}]}},"featured_image_src":null,"featured_image_src_square":null,"coauthors":[],"author_meta":{"author_link":"https:\/\/old.swimsa.ch\/fr\/author\/m-hoernlimannmichaelh-ch\/","display_name":"Michael Sutter"},"relative_dates":{"created":"Publi\u00e9 5 ans il y a","modified":"Mis \u00e0 jour 5 ans il y a"},"absolute_dates":{"created":"Publi\u00e9 le 6. mai 2021","modified":"Mise \u00e0 jour le 4. juillet 2021"},"absolute_dates_time":{"created":"Publi\u00e9 le 6. mai 2021 10:58","modified":"Mise \u00e0 jour le 4. juillet 2021 17:51"},"featured_img_caption":"","featured_img":false,"series_order":"","_links":{"self":[{"href":"https:\/\/old.swimsa.ch\/fr\/wp-json\/wp\/v2\/pages\/3577","targetHints":{"allow":["GET"]}}],"collection":[{"href":"https:\/\/old.swimsa.ch\/fr\/wp-json\/wp\/v2\/pages"}],"about":[{"href":"https:\/\/old.swimsa.ch\/fr\/wp-json\/wp\/v2\/types\/page"}],"author":[{"embeddable":true,"href":"https:\/\/old.swimsa.ch\/fr\/wp-json\/wp\/v2\/users\/1"}],"replies":[{"embeddable":true,"href":"https:\/\/old.swimsa.ch\/fr\/wp-json\/wp\/v2\/comments?post=3577"}],"version-history":[{"count":4,"href":"https:\/\/old.swimsa.ch\/fr\/wp-json\/wp\/v2\/pages\/3577\/revisions"}],"predecessor-version":[{"id":3810,"href":"https:\/\/old.swimsa.ch\/fr\/wp-json\/wp\/v2\/pages\/3577\/revisions\/3810"}],"up":[{"embeddable":true,"href":"https:\/\/old.swimsa.ch\/fr\/wp-json\/wp\/v2\/pages\/3590"}],"wp:attachment":[{"href":"https:\/\/old.swimsa.ch\/fr\/wp-json\/wp\/v2\/media?parent=3577"}],"curies":[{"name":"wp","href":"https:\/\/api.w.org\/{rel}","templated":true}]}}