{"id":3178,"date":"2021-05-06T15:50:20","date_gmt":"2021-05-06T13:50:20","guid":{"rendered":"https:\/\/swimsa.signalwirkung.ch\/?page_id=3178"},"modified":"2024-02-24T16:44:54","modified_gmt":"2024-02-24T15:44:54","slug":"swimsa","status":"publish","type":"page","link":"https:\/\/old.swimsa.ch\/fr\/","title":{"rendered":"Home"},"content":{"rendered":"\n<p><\/p>\n\n\n<div class=\"gb-container gb-container-5b69774e\"><div class=\"gb-inside-container\"><\/div><div class=\"gb-shapes\"><div class=\"gb-shape gb-shape-1\"><svg xmlns=\"http:\/\/www.w3.org\/2000\/svg\" viewBox=\"0 0 1200 100\" preserveAspectRatio=\"none\"><path d=\"M1200 100H0V0l400 77.2L1200 0z\"\/><\/svg><\/div><\/div><\/div>\n\n<div class=\"gb-container gb-container-4be02b6a\"><div class=\"gb-inside-container\">\n\n<h1 class=\"gb-headline gb-headline-0e5844ee gb-headline-text\">swimsa &#8211; la voix de plus de 9000 \u00e9tudiants en m\u00e9decine<\/h1>\n\n\n<div class=\"gb-grid-wrapper gb-grid-wrapper-bb5d0db5\">\n<div class=\"gb-grid-column gb-grid-column-b733da9b\"><div class=\"gb-container gb-container-b733da9b\"><div class=\"gb-inside-container\">\n\n<div style=\"height:30px\" aria-hidden=\"true\" class=\"wp-block-spacer mobile-only\"><\/div>\n\n\n\n<h2 class=\"gb-headline gb-headline-6fd05510 gb-headline-text\">Qu&rsquo;est-ce que la swimsa?<\/h2>\n\n\n\n<p>L&rsquo;Association Suisse des Etudiants en M\u00e9decine, plus connue sous le nom de&nbsp;<em>Swiss Medical Students\u2019 Association<\/em>&nbsp;(swimsa) repr\u00e9sente plus de 9\u2019000 \u00e9tudiant\u00b7e\u00b7s&nbsp;en m\u00e9decine au niveau national et international.&nbsp;Depuis 1917, elle r\u00e9unit des \u00e9tudiant\u00b7e\u00b7s en m\u00e9decine de toutes les facult\u00e9s de m\u00e9decine de Suisse qui s&rsquo;engagent pour leur formation et la sant\u00e9 publique et qui forment un r\u00e9seau qui&nbsp;facilite le d\u00e9veloppement de projets et d&rsquo;id\u00e9es.<\/p>\n\n\n<div class=\"gb-button-wrapper gb-button-wrapper-2480673a\">\n\n<a class=\"gb-button gb-button-defb2feb\" href=\"https:\/\/swimsa.ch\/fr\/nous\/\"><span class=\"gb-icon\"><svg aria-hidden=\"true\" role=\"img\" height=\"1em\" width=\"1em\" viewBox=\"0 0 256 512\" xmlns=\"http:\/\/www.w3.org\/2000\/svg\"><path fill=\"currentColor\" d=\"M224.3 273l-136 136c-9.4 9.4-24.6 9.4-33.9 0l-22.6-22.6c-9.4-9.4-9.4-24.6 0-33.9l96.4-96.4-96.4-96.4c-9.4-9.4-9.4-24.6 0-33.9L54.3 103c9.4-9.4 24.6-9.4 33.9 0l136 136c9.5 9.4 9.5 24.6.1 34z\"><\/path><\/svg><\/span><span class=\"gb-button-text\">swimsa<\/span><\/a>\n\n<\/div>\n<\/div><\/div><\/div>\n\n<div class=\"gb-grid-column gb-grid-column-6b3eb6d7\"><div class=\"gb-container gb-container-6b3eb6d7\"><div class=\"gb-inside-container\">\n\n<div style=\"height:30px\" aria-hidden=\"true\" class=\"wp-block-spacer mobile-only\"><\/div>\n\n\n\n<h2 class=\"gb-headline gb-headline-327f30ae gb-headline-text\">Projets<\/h2>\n\n\n\n<p>La swimsa offre la possibilit\u00e9 aux \u00e9tudiant\u00b7e\u00b7s en m\u00e9decine d\u2019\u00e9voluer au niveau national et au niveau international. Ainsi, les projets initialement d\u00e9but\u00e9 localement peuvent se d\u00e9velopper, avec l\u2019appui&nbsp;de la swimsa, en projets nationaux et internationaux.<\/p>\n\n\n<div class=\"gb-button-wrapper gb-button-wrapper-e9bf897a\">\n\n<a class=\"gb-button gb-button-aa87db41\" href=\"https:\/\/swimsa.ch\/fr\/membres\/membres-associes\/\"><span class=\"gb-icon\"><svg aria-hidden=\"true\" role=\"img\" height=\"1em\" width=\"1em\" viewBox=\"0 0 256 512\" xmlns=\"http:\/\/www.w3.org\/2000\/svg\"><path fill=\"currentColor\" d=\"M224.3 273l-136 136c-9.4 9.4-24.6 9.4-33.9 0l-22.6-22.6c-9.4-9.4-9.4-24.6 0-33.9l96.4-96.4-96.4-96.4c-9.4-9.4-9.4-24.6 0-33.9L54.3 103c9.4-9.4 24.6-9.4 33.9 0l136 136c9.5 9.4 9.5 24.6.1 34z\"><\/path><\/svg><\/span><span class=\"gb-button-text\">Projets<\/span><\/a>\n\n<\/div>\n<\/div><\/div><\/div>\n\n<div class=\"gb-grid-column gb-grid-column-8f0b8c2a\"><div class=\"gb-container gb-container-8f0b8c2a\"><div class=\"gb-inside-container\">\n\n<div style=\"height:30px\" aria-hidden=\"true\" class=\"wp-block-spacer mobile-only\"><\/div>\n\n\n\n<h2 class=\"gb-headline gb-headline-7644c1f9 gb-headline-text\">Comit\u00e9s locaux<\/h2>\n\n\n\n<p>La swimsa est repr\u00e9sent\u00e9 dans toutes les Universit\u00e9s Suisse o\u00f9 la m\u00e9decine est enseign\u00e9e&nbsp;par les associations d&rsquo;\u00e9tudiants en m\u00e9decine de chacune des sept&nbsp;Facult\u00e9s.<\/p>\n\n\n<div class=\"gb-button-wrapper gb-button-wrapper-f9318bf4\">\n\n<a class=\"gb-button gb-button-896d2a65\" href=\"https:\/\/swimsa.ch\/fr\/membres\/associations\/\"><span class=\"gb-icon\"><svg aria-hidden=\"true\" role=\"img\" height=\"1em\" width=\"1em\" viewBox=\"0 0 256 512\" xmlns=\"http:\/\/www.w3.org\/2000\/svg\"><path fill=\"currentColor\" d=\"M224.3 273l-136 136c-9.4 9.4-24.6 9.4-33.9 0l-22.6-22.6c-9.4-9.4-9.4-24.6 0-33.9l96.4-96.4-96.4-96.4c-9.4-9.4-9.4-24.6 0-33.9L54.3 103c9.4-9.4 24.6-9.4 33.9 0l136 136c9.5 9.4 9.5 24.6.1 34z\"><\/path><\/svg><\/span><span class=\"gb-button-text\">Comit\u00e9s locaux<\/span><\/a>\n\n<\/div>\n<\/div><\/div><\/div>\n<\/div>\n\n\n<h2 class=\"gb-headline gb-headline-d8079d50 gb-headline-text\">Nouvelles sur notre cha\u00eene Instagram<\/h2>\n\n\n\n\t\t<div id=\"sbi_mod_error\" >\n\t\t\t<span>Ce message d\u2019erreur n\u2019est visible que pour les administrateurs de WordPress<\/span><br\/>\n\t\t\t<p><strong>Erreur. Aucun flux trouv\u00e9.<\/strong>\n\t\t\t<p>Veuillez aller sur la page de r\u00e9glages d\u2018Instagram Feed pour connecter votre compte.<\/p>\n\t\t<\/div>\n\t\t\n\n<\/div><\/div>\n\n<div class=\"gb-container gb-container-d18f10ae\">\n\n<p class=\"gb-headline gb-headline-e58528f3 gb-headline-text\">Sponsors<\/p>\n\n\n<div class=\"gb-grid-wrapper gb-grid-wrapper-1066c095\">\n<div class=\"gb-grid-column gb-grid-column-83e06cbe\"><div class=\"gb-container gb-container-83e06cbe\">\n\n<figure class=\"gb-block-image gb-block-image-9722df45\"><img loading=\"lazy\" decoding=\"async\" width=\"600\" height=\"331\" class=\"gb-image gb-image-9722df45\" src=\"https:\/\/swimsa.ch\/wp-content\/uploads\/2021\/03\/Logo_vsao.png\" srcset=\"https:\/\/old.swimsa.ch\/wp-content\/uploads\/2021\/03\/Logo_vsao.png 600w, https:\/\/old.swimsa.ch\/wp-content\/uploads\/2021\/03\/Logo_vsao-300x166.png 300w\" sizes=\"auto, (max-width: 600px) 100vw, 600px\" \/><\/figure>\n\n<\/div><\/div>\n\n<div class=\"gb-grid-column gb-grid-column-5e73f538\"><div class=\"gb-container gb-container-5e73f538\">\n\n<figure class=\"gb-block-image gb-block-image-f4e4bae8\"><img loading=\"lazy\" decoding=\"async\" width=\"807\" height=\"236\" class=\"gb-image gb-image-f4e4bae8\" src=\"https:\/\/swimsa.ch\/wp-content\/uploads\/2023\/02\/IMG_4598-e1680553813393.png\" alt=\"\" title=\"IMG_4598\" srcset=\"https:\/\/old.swimsa.ch\/wp-content\/uploads\/2023\/02\/IMG_4598-e1680553813393.png 807w, https:\/\/old.swimsa.ch\/wp-content\/uploads\/2023\/02\/IMG_4598-e1680553813393-300x88.png 300w, https:\/\/old.swimsa.ch\/wp-content\/uploads\/2023\/02\/IMG_4598-e1680553813393-768x225.png 768w\" sizes=\"auto, (max-width: 807px) 100vw, 807px\" \/><\/figure>\n\n<\/div><\/div>\n\n<div class=\"gb-grid-column gb-grid-column-5dbd75ef\"><div class=\"gb-container gb-container-5dbd75ef\">\n\n<figure class=\"gb-block-image gb-block-image-df047464\"><img loading=\"lazy\" decoding=\"async\" width=\"479\" height=\"229\" class=\"gb-image gb-image-df047464\" src=\"https:\/\/swimsa.ch\/wp-content\/uploads\/2021\/03\/Logo_FMH.png\" srcset=\"https:\/\/old.swimsa.ch\/wp-content\/uploads\/2021\/03\/Logo_FMH.png 479w, https:\/\/old.swimsa.ch\/wp-content\/uploads\/2021\/03\/Logo_FMH-300x143.png 300w\" sizes=\"auto, (max-width: 479px) 100vw, 479px\" \/><\/figure>\n\n<\/div><\/div>\n\n<div class=\"gb-grid-column gb-grid-column-8c0d9f20\"><div class=\"gb-container gb-container-8c0d9f20\">\n\n<figure class=\"gb-block-image gb-block-image-7c558a87\"><img loading=\"lazy\" decoding=\"async\" width=\"604\" height=\"222\" class=\"gb-image gb-image-7c558a87\" src=\"https:\/\/swimsa.ch\/wp-content\/uploads\/2021\/03\/Logo_mediservice.png\" srcset=\"https:\/\/old.swimsa.ch\/wp-content\/uploads\/2021\/03\/Logo_mediservice.png 604w, https:\/\/old.swimsa.ch\/wp-content\/uploads\/2021\/03\/Logo_mediservice-300x110.png 300w\" sizes=\"auto, (max-width: 604px) 100vw, 604px\" \/><\/figure>\n\n<\/div><\/div>\n<\/div>\n\n\n<div style=\"height:20px\" aria-hidden=\"true\" class=\"wp-block-spacer\"><\/div>\n\n\n\n<p class=\"gb-headline gb-headline-b8ca6600 gb-headline-text\">Partenaires<\/p>\n\n\n<div class=\"gb-container gb-container-2441cc51\"><div class=\"gb-inside-container\">\n<div class=\"gb-grid-wrapper gb-grid-wrapper-8d89034a\">\n<div class=\"gb-grid-column gb-grid-column-653345b7\"><div class=\"gb-container gb-container-653345b7\">\n\n<figure class=\"gb-block-image gb-block-image-194e24f0\"><img loading=\"lazy\" decoding=\"async\" width=\"1280\" height=\"720\" class=\"gb-image gb-image-194e24f0\" src=\"https:\/\/swimsa.ch\/wp-content\/uploads\/2022\/09\/IFMSA-new-logo.jpg\" alt=\"\" title=\"IFMSA-new-logo\" srcset=\"https:\/\/old.swimsa.ch\/wp-content\/uploads\/2022\/09\/IFMSA-new-logo.jpg 1280w, https:\/\/old.swimsa.ch\/wp-content\/uploads\/2022\/09\/IFMSA-new-logo-300x169.jpg 300w, https:\/\/old.swimsa.ch\/wp-content\/uploads\/2022\/09\/IFMSA-new-logo-1024x576.jpg 1024w, https:\/\/old.swimsa.ch\/wp-content\/uploads\/2022\/09\/IFMSA-new-logo-768x432.jpg 768w\" sizes=\"auto, (max-width: 1280px) 100vw, 1280px\" \/><\/figure>\n\n<\/div><\/div>\n\n<div class=\"gb-grid-column gb-grid-column-ba535962\"><div class=\"gb-container gb-container-ba535962\">\n\n<figure class=\"gb-block-image gb-block-image-d2c58dab\"><img loading=\"lazy\" decoding=\"async\" width=\"1200\" height=\"338\" class=\"gb-image gb-image-d2c58dab\" src=\"https:\/\/swimsa.ch\/wp-content\/uploads\/2021\/03\/Logo_VSS.jpg\" alt=\"\" title=\"Logo_VSS\" srcset=\"https:\/\/old.swimsa.ch\/wp-content\/uploads\/2021\/03\/Logo_VSS.jpg 1200w, https:\/\/old.swimsa.ch\/wp-content\/uploads\/2021\/03\/Logo_VSS-300x85.jpg 300w, https:\/\/old.swimsa.ch\/wp-content\/uploads\/2021\/03\/Logo_VSS-1024x288.jpg 1024w, https:\/\/old.swimsa.ch\/wp-content\/uploads\/2021\/03\/Logo_VSS-768x216.jpg 768w\" sizes=\"auto, (max-width: 1200px) 100vw, 1200px\" \/><\/figure>\n\n<\/div><\/div>\n\n<div class=\"gb-grid-column gb-grid-column-0f627ce3\"><div class=\"gb-container gb-container-0f627ce3\">\n\n<figure class=\"gb-block-image gb-block-image-678237cd\"><img decoding=\"async\" class=\"gb-image gb-image-678237cd\" src=\"https:\/\/swimsa.ch\/wp-content\/uploads\/2023\/04\/bag_logo_positiv.svg\" alt=\"\" title=\"bag_logo_positiv\"\/><\/figure>\n\n<\/div><\/div>\n\n<div class=\"gb-grid-column gb-grid-column-689bc50c\"><div class=\"gb-container gb-container-689bc50c\"><\/div><\/div>\n\n<div class=\"gb-grid-column gb-grid-column-5a05188c\"><div class=\"gb-container gb-container-5a05188c\"><\/div><\/div>\n\n<div class=\"gb-grid-column gb-grid-column-9e66a25f\"><div class=\"gb-container gb-container-9e66a25f\"><\/div><\/div>\n<\/div>\n<\/div><\/div>\n<\/div>\n\n\n<p><\/p>\n","protected":false},"excerpt":{"rendered":"<p>swimsa &#8211; la voix de plus de 9000 \u00e9tudiants en m\u00e9decine Nouvelles sur notre cha\u00eene Instagram Sponsors Partenaires<\/p>\n","protected":false},"author":1,"featured_media":0,"parent":0,"menu_order":0,"comment_status":"closed","ping_status":"closed","template":"","meta":{"inline_featured_image":false,"advgb_blocks_editor_width":"","advgb_blocks_columns_visual_guide":"","ghostkit_customizer_options":"","ghostkit_custom_css":"","ghostkit_custom_js_head":"","ghostkit_custom_js_foot":"","ghostkit_typography":"","footnotes":""},"class_list":["post-3178","page","type-page","status-publish"],"yoast_head":"<!-- This site is optimized with the Yoast SEO plugin v27.6 - https:\/\/yoast.com\/product\/yoast-seo-wordpress\/ -->\n<title>Home - swimsa<\/title>\n<meta name=\"robots\" content=\"index, follow, max-snippet:-1, max-image-preview:large, max-video-preview:-1\" \/>\n<link rel=\"canonical\" href=\"https:\/\/old.swimsa.ch\/fr\/\" \/>\n<meta property=\"og:locale\" content=\"fr_FR\" \/>\n<meta property=\"og:type\" content=\"article\" \/>\n<meta property=\"og:title\" content=\"Home - swimsa\" \/>\n<meta property=\"og:description\" content=\"swimsa &#8211; la voix de plus de 9000 \u00e9tudiants en m\u00e9decine Nouvelles sur notre cha\u00eene Instagram Sponsors Partenaires\" \/>\n<meta property=\"og:url\" content=\"https:\/\/old.swimsa.ch\/fr\/\" \/>\n<meta property=\"og:site_name\" content=\"swimsa\" \/>\n<meta property=\"article:modified_time\" content=\"2024-02-24T15:44:54+00:00\" \/>\n<meta property=\"og:image\" content=\"https:\/\/swimsa.ch\/wp-content\/uploads\/2021\/03\/Logo_vsao.png\" \/>\n<meta name=\"twitter:card\" content=\"summary_large_image\" \/>\n<meta name=\"twitter:label1\" content=\"Dur\u00e9e de lecture estim\u00e9e\" \/>\n\t<meta name=\"twitter:data1\" content=\"3 minutes\" \/>\n<script type=\"application\/ld+json\" class=\"yoast-schema-graph\">{\"@context\":\"https:\\\/\\\/schema.org\",\"@graph\":[{\"@type\":\"WebPage\",\"@id\":\"https:\\\/\\\/old.swimsa.ch\\\/fr\\\/\",\"url\":\"https:\\\/\\\/old.swimsa.ch\\\/fr\\\/\",\"name\":\"Home - swimsa\",\"isPartOf\":{\"@id\":\"https:\\\/\\\/old.swimsa.ch\\\/#website\"},\"primaryImageOfPage\":{\"@id\":\"https:\\\/\\\/old.swimsa.ch\\\/fr\\\/#primaryimage\"},\"image\":{\"@id\":\"https:\\\/\\\/old.swimsa.ch\\\/fr\\\/#primaryimage\"},\"thumbnailUrl\":\"https:\\\/\\\/swimsa.ch\\\/wp-content\\\/uploads\\\/2021\\\/03\\\/Logo_vsao.png\",\"datePublished\":\"2021-05-06T13:50:20+00:00\",\"dateModified\":\"2024-02-24T15:44:54+00:00\",\"breadcrumb\":{\"@id\":\"https:\\\/\\\/old.swimsa.ch\\\/fr\\\/#breadcrumb\"},\"inLanguage\":\"fr-FR\",\"potentialAction\":[{\"@type\":\"ReadAction\",\"target\":[\"https:\\\/\\\/old.swimsa.ch\\\/fr\\\/\"]}]},{\"@type\":\"ImageObject\",\"inLanguage\":\"fr-FR\",\"@id\":\"https:\\\/\\\/old.swimsa.ch\\\/fr\\\/#primaryimage\",\"url\":\"https:\\\/\\\/swimsa.ch\\\/wp-content\\\/uploads\\\/2021\\\/03\\\/Logo_vsao.png\",\"contentUrl\":\"https:\\\/\\\/swimsa.ch\\\/wp-content\\\/uploads\\\/2021\\\/03\\\/Logo_vsao.png\"},{\"@type\":\"BreadcrumbList\",\"@id\":\"https:\\\/\\\/old.swimsa.ch\\\/fr\\\/#breadcrumb\",\"itemListElement\":[{\"@type\":\"ListItem\",\"position\":1,\"name\":\"Startseite\",\"item\":\"https:\\\/\\\/old.swimsa.ch\\\/fr\\\/\"},{\"@type\":\"ListItem\",\"position\":2,\"name\":\"Home\"}]},{\"@type\":\"WebSite\",\"@id\":\"https:\\\/\\\/old.swimsa.ch\\\/#website\",\"url\":\"https:\\\/\\\/old.swimsa.ch\\\/\",\"name\":\"swimsa\",\"description\":\"Stimme der Medizinstudierenden in der Schweiz\",\"publisher\":{\"@id\":\"https:\\\/\\\/old.swimsa.ch\\\/#organization\"},\"potentialAction\":[{\"@type\":\"SearchAction\",\"target\":{\"@type\":\"EntryPoint\",\"urlTemplate\":\"https:\\\/\\\/old.swimsa.ch\\\/?s={search_term_string}\"},\"query-input\":{\"@type\":\"PropertyValueSpecification\",\"valueRequired\":true,\"valueName\":\"search_term_string\"}}],\"inLanguage\":\"fr-FR\"},{\"@type\":\"Organization\",\"@id\":\"https:\\\/\\\/old.swimsa.ch\\\/#organization\",\"name\":\"swimsa\",\"url\":\"https:\\\/\\\/old.swimsa.ch\\\/\",\"logo\":{\"@type\":\"ImageObject\",\"inLanguage\":\"fr-FR\",\"@id\":\"https:\\\/\\\/old.swimsa.ch\\\/#\\\/schema\\\/logo\\\/image\\\/\",\"url\":\"https:\\\/\\\/old.swimsa.ch\\\/wp-content\\\/uploads\\\/2021\\\/03\\\/Logo_swimsa.svg\",\"contentUrl\":\"https:\\\/\\\/old.swimsa.ch\\\/wp-content\\\/uploads\\\/2021\\\/03\\\/Logo_swimsa.svg\",\"width\":100,\"height\":100,\"caption\":\"swimsa\"},\"image\":{\"@id\":\"https:\\\/\\\/old.swimsa.ch\\\/#\\\/schema\\\/logo\\\/image\\\/\"}}]}<\/script>\n<!-- \/ Yoast SEO plugin. -->","yoast_head_json":{"title":"Home - swimsa","robots":{"index":"index","follow":"follow","max-snippet":"max-snippet:-1","max-image-preview":"max-image-preview:large","max-video-preview":"max-video-preview:-1"},"canonical":"https:\/\/old.swimsa.ch\/fr\/","og_locale":"fr_FR","og_type":"article","og_title":"Home - swimsa","og_description":"swimsa &#8211; la voix de plus de 9000 \u00e9tudiants en m\u00e9decine Nouvelles sur notre cha\u00eene Instagram Sponsors Partenaires","og_url":"https:\/\/old.swimsa.ch\/fr\/","og_site_name":"swimsa","article_modified_time":"2024-02-24T15:44:54+00:00","og_image":[{"url":"https:\/\/swimsa.ch\/wp-content\/uploads\/2021\/03\/Logo_vsao.png","type":"","width":"","height":""}],"twitter_card":"summary_large_image","twitter_misc":{"Dur\u00e9e de lecture estim\u00e9e":"3 minutes"},"schema":{"@context":"https:\/\/schema.org","@graph":[{"@type":"WebPage","@id":"https:\/\/old.swimsa.ch\/fr\/","url":"https:\/\/old.swimsa.ch\/fr\/","name":"Home - swimsa","isPartOf":{"@id":"https:\/\/old.swimsa.ch\/#website"},"primaryImageOfPage":{"@id":"https:\/\/old.swimsa.ch\/fr\/#primaryimage"},"image":{"@id":"https:\/\/old.swimsa.ch\/fr\/#primaryimage"},"thumbnailUrl":"https:\/\/swimsa.ch\/wp-content\/uploads\/2021\/03\/Logo_vsao.png","datePublished":"2021-05-06T13:50:20+00:00","dateModified":"2024-02-24T15:44:54+00:00","breadcrumb":{"@id":"https:\/\/old.swimsa.ch\/fr\/#breadcrumb"},"inLanguage":"fr-FR","potentialAction":[{"@type":"ReadAction","target":["https:\/\/old.swimsa.ch\/fr\/"]}]},{"@type":"ImageObject","inLanguage":"fr-FR","@id":"https:\/\/old.swimsa.ch\/fr\/#primaryimage","url":"https:\/\/swimsa.ch\/wp-content\/uploads\/2021\/03\/Logo_vsao.png","contentUrl":"https:\/\/swimsa.ch\/wp-content\/uploads\/2021\/03\/Logo_vsao.png"},{"@type":"BreadcrumbList","@id":"https:\/\/old.swimsa.ch\/fr\/#breadcrumb","itemListElement":[{"@type":"ListItem","position":1,"name":"Startseite","item":"https:\/\/old.swimsa.ch\/fr\/"},{"@type":"ListItem","position":2,"name":"Home"}]},{"@type":"WebSite","@id":"https:\/\/old.swimsa.ch\/#website","url":"https:\/\/old.swimsa.ch\/","name":"swimsa","description":"Stimme der Medizinstudierenden in der Schweiz","publisher":{"@id":"https:\/\/old.swimsa.ch\/#organization"},"potentialAction":[{"@type":"SearchAction","target":{"@type":"EntryPoint","urlTemplate":"https:\/\/old.swimsa.ch\/?s={search_term_string}"},"query-input":{"@type":"PropertyValueSpecification","valueRequired":true,"valueName":"search_term_string"}}],"inLanguage":"fr-FR"},{"@type":"Organization","@id":"https:\/\/old.swimsa.ch\/#organization","name":"swimsa","url":"https:\/\/old.swimsa.ch\/","logo":{"@type":"ImageObject","inLanguage":"fr-FR","@id":"https:\/\/old.swimsa.ch\/#\/schema\/logo\/image\/","url":"https:\/\/old.swimsa.ch\/wp-content\/uploads\/2021\/03\/Logo_swimsa.svg","contentUrl":"https:\/\/old.swimsa.ch\/wp-content\/uploads\/2021\/03\/Logo_swimsa.svg","width":100,"height":100,"caption":"swimsa"},"image":{"@id":"https:\/\/old.swimsa.ch\/#\/schema\/logo\/image\/"}}]}},"featured_image_src":null,"featured_image_src_square":null,"coauthors":[],"author_meta":{"author_link":"https:\/\/old.swimsa.ch\/fr\/author\/m-hoernlimannmichaelh-ch\/","display_name":"Michael Sutter"},"relative_dates":{"created":"Publi\u00e9 5 ans il y a","modified":"Mis \u00e0 jour 2 ans il y a"},"absolute_dates":{"created":"Publi\u00e9 le 6. mai 2021","modified":"Mise \u00e0 jour le 24. f\u00e9vrier 2024"},"absolute_dates_time":{"created":"Publi\u00e9 le 6. mai 2021 15:50","modified":"Mise \u00e0 jour le 24. f\u00e9vrier 2024 16:44"},"featured_img_caption":"","featured_img":false,"series_order":"","_links":{"self":[{"href":"https:\/\/old.swimsa.ch\/fr\/wp-json\/wp\/v2\/pages\/3178","targetHints":{"allow":["GET"]}}],"collection":[{"href":"https:\/\/old.swimsa.ch\/fr\/wp-json\/wp\/v2\/pages"}],"about":[{"href":"https:\/\/old.swimsa.ch\/fr\/wp-json\/wp\/v2\/types\/page"}],"author":[{"embeddable":true,"href":"https:\/\/old.swimsa.ch\/fr\/wp-json\/wp\/v2\/users\/1"}],"replies":[{"embeddable":true,"href":"https:\/\/old.swimsa.ch\/fr\/wp-json\/wp\/v2\/comments?post=3178"}],"version-history":[{"count":13,"href":"https:\/\/old.swimsa.ch\/fr\/wp-json\/wp\/v2\/pages\/3178\/revisions"}],"predecessor-version":[{"id":7501,"href":"https:\/\/old.swimsa.ch\/fr\/wp-json\/wp\/v2\/pages\/3178\/revisions\/7501"}],"wp:attachment":[{"href":"https:\/\/old.swimsa.ch\/fr\/wp-json\/wp\/v2\/media?parent=3178"}],"curies":[{"name":"wp","href":"https:\/\/api.w.org\/{rel}","templated":true}]}}